{"id":2817,"date":"2025-11-11T12:31:44","date_gmt":"2025-11-11T12:31:44","guid":{"rendered":"https:\/\/traveltaleswithioana.com\/?page_id=2817"},"modified":"2025-11-14T14:45:25","modified_gmt":"2025-11-14T14:45:25","slug":"portugal","status":"publish","type":"page","link":"https:\/\/traveltaleswithioana.com\/en\/portugal\/","title":{"rendered":"PORTUGALIA"},"content":{"rendered":"<style>.kb-posts-id-2817_31513e-36 .entry.loop-entry .entry-header .entry-title{font-size:var(--global-kb-font-size-md, 1.25rem);}.kb-posts-id-2817_31513e-36 .loop-entry{background:transparent;box-shadow:none;}.kb-posts-id-2817_31513e-36 .loop-entry > .entry-content-wrap{padding:0px;}.kb-posts-id-2817_31513e-36 .loop-entry .post-thumbnail{margin-bottom:1em;}.kb-posts-id-2817_31513e-36 .kb-post-list-item{display:grid;}<\/style><ul class=\"wp-block-kadence-posts kb-posts kadence-posts-list kb-posts-id-2817_31513e-36 content-wrap grid-cols kb-posts-style-unboxed grid-sm-col-2 grid-lg-col-3 item-image-style-above\"><li class=\"kb-post-list-item\">\n\t<article class=\"entry content-bg loop-entry post-1143 post type-post status-publish format-standard has-post-thumbnail hentry category-portugal tag-europe tag-hiking-trails tag-madeira\">\n\t\t\t\t<a aria-hidden=\"true\" tabindex=\"-1\" role=\"presentation\" class=\"post-thumbnail kadence-thumbnail-ratio-2-3\" href=\"https:\/\/traveltaleswithioana.com\/en\/madeira-the-paradise-of-trails\/\" aria-label=\"On the trails of Madeira: discover Madeira&#039;s hiking paradise\">\n\t\t\t<div class=\"post-thumbnail-inner\">\n\t\t\t\t<img decoding=\"async\" width=\"768\" height=\"576\" src=\"https:\/\/traveltaleswithioana.com\/wp-content\/uploads\/2025\/01\/IMG_6110-768x576.webp\" class=\"attachment-medium_large size-medium_large wp-post-image\" alt=\"La pas pe traseele din Madeira: descoper\u0103 Paradisul drume\u021biilor\" srcset=\"https:\/\/traveltaleswithioana.com\/wp-content\/uploads\/2025\/01\/IMG_6110-768x576.webp 768w, https:\/\/traveltaleswithioana.com\/wp-content\/uploads\/2025\/01\/IMG_6110-300x225.webp 300w, https:\/\/traveltaleswithioana.com\/wp-content\/uploads\/2025\/01\/IMG_6110-1024x768.webp 1024w, https:\/\/traveltaleswithioana.com\/wp-content\/uploads\/2025\/01\/IMG_6110-1536x1152.webp 1536w, https:\/\/traveltaleswithioana.com\/wp-content\/uploads\/2025\/01\/IMG_6110-16x12.webp 16w, https:\/\/traveltaleswithioana.com\/wp-content\/uploads\/2025\/01\/IMG_6110.webp 2048w\" sizes=\"(max-width: 768px) 100vw, 768px\" \/>\t\t\t<\/div>\n\t\t<\/a><!-- .post-thumbnail -->\n\t\t\t\t<div class=\"entry-content-wrap\">\n\t\t\t<header class=\"entry-header\">\n\t\t<div class=\"entry-taxonomies\">\n\t\t<span class=\"category-links term-links category-style-pill\">\n\t\t\t<a href=\"https:\/\/traveltaleswithioana.com\/en\/category\/portugal\/\" class=\"category-link-portugal\" rel=\"tag\">Portugal<\/a>\t\t<\/span>\n\t<\/div><!-- .entry-taxonomies -->\n\t<h3 class=\"entry-title\"><a href=\"https:\/\/traveltaleswithioana.com\/en\/madeira-the-paradise-of-trails\/\" rel=\"bookmark\">On the trails of Madeira: discover Madeira's hiking paradise<\/a><\/h3>\t<div class=\"entry-meta entry-meta-divider-dot\">\n\t\t\t\t<span class=\"posted-on\">\n\t\t\t\t<time class=\"entry-date published\" datetime=\"2025-01-22T18:32:16+00:00\">January 22, 2025<\/time><time class=\"updated\" datetime=\"2025-07-23T13:41:44+00:00\">July 23, 2025<\/time>\t\t\t<\/span>\n\t\t\t\t<\/div><!-- .entry-meta -->\n\t<\/header><!-- .entry-header -->\n\t<div class=\"entry-summary\">\n\t\t<p>Discover Madeira's most beautiful trails, from Levada do Caldeir\u00e3o Verde to Ponta de S\u00e3o Louren\u00e7o. Here's a detailed guide with spectacular scenery, waterfalls and adventures for all levels of hiker. <\/p>\n\t<\/div><!-- .entry-summary -->\n\t<footer class=\"entry-footer\">\n\t\t\t<div class=\"entry-actions\">\n\t\t\t<p class=\"more-link-wrap\">\n\t\t\t\t<a href=\"https:\/\/traveltaleswithioana.com\/en\/madeira-the-paradise-of-trails\/\" class=\"post-more-link\">\n\t\t\t\t\tRead More<span class=\"screen-reader-text\"> On the trails of Madeira: discover Madeira's hiking paradise<\/span><span class=\"kadence-svg-iconset svg-baseline\"><svg aria-hidden=\"true\" class=\"kadence-svg-icon kadence-arrow-right-alt-svg\" fill=\"currentColor\" version=\"1.1\" xmlns=\"http:\/\/www.w3.org\/2000\/svg\" width=\"27\" height=\"28\" viewbox=\"0 0 27 28\"><title>Continue<\/title><path d=\"M27 13.953c0 0.141-0.063 0.281-0.156 0.375l-6 5.531c-0.156 0.141-0.359 0.172-0.547 0.094-0.172-0.078-0.297-0.25-0.297-0.453v-3.5h-19.5c-0.281 0-0.5-0.219-0.5-0.5v-3c0-0.281 0.219-0.5 0.5-0.5h19.5v-3.5c0-0.203 0.109-0.375 0.297-0.453s0.391-0.047 0.547 0.078l6 5.469c0.094 0.094 0.156 0.219 0.156 0.359v0z\"><\/path>\n\t\t\t<\/svg><\/span>\t\t\t\t<\/a>\n\t\t\t<\/p>\n\t\t<\/div><!-- .entry-actions -->\n\t\t<\/footer><!-- .entry-footer -->\t\t<\/div>\n\t<\/article>\n<\/li>\n<li class=\"kb-post-list-item\">\n\t<article class=\"entry content-bg loop-entry post-982 post type-post status-publish format-standard has-post-thumbnail hentry category-portugal tag-europe tag-madeira tag-portugal tag-travelguide\">\n\t\t\t\t<a aria-hidden=\"true\" tabindex=\"-1\" role=\"presentation\" class=\"post-thumbnail kadence-thumbnail-ratio-2-3\" href=\"https:\/\/traveltaleswithioana.com\/en\/8-days-itinerary-in-madeira\/\" aria-label=\"Descoperind timp de 8 zile insula eternei prim\u0103veri &#8211; Madeira\">\n\t\t\t<div class=\"post-thumbnail-inner\">\n\t\t\t\t<img decoding=\"async\" width=\"768\" height=\"854\" src=\"https:\/\/traveltaleswithioana.com\/wp-content\/uploads\/2025\/01\/IMG_4866-768x854.webp\" class=\"attachment-medium_large size-medium_large wp-post-image\" alt=\"Descoperind timp de 8 zile insula eternei prim\u0103veri &#8211; Madeira\" srcset=\"https:\/\/traveltaleswithioana.com\/wp-content\/uploads\/2025\/01\/IMG_4866-768x854.webp 768w, https:\/\/traveltaleswithioana.com\/wp-content\/uploads\/2025\/01\/IMG_4866-270x300.webp 270w, https:\/\/traveltaleswithioana.com\/wp-content\/uploads\/2025\/01\/IMG_4866-921x1024.webp 921w, https:\/\/traveltaleswithioana.com\/wp-content\/uploads\/2025\/01\/IMG_4866-1382x1536.webp 1382w, https:\/\/traveltaleswithioana.com\/wp-content\/uploads\/2025\/01\/IMG_4866-11x12.webp 11w, https:\/\/traveltaleswithioana.com\/wp-content\/uploads\/2025\/01\/IMG_4866.webp 1682w\" sizes=\"(max-width: 768px) 100vw, 768px\" \/>\t\t\t<\/div>\n\t\t<\/a><!-- .post-thumbnail -->\n\t\t\t\t<div class=\"entry-content-wrap\">\n\t\t\t<header class=\"entry-header\">\n\t\t<div class=\"entry-taxonomies\">\n\t\t<span class=\"category-links term-links category-style-pill\">\n\t\t\t<a href=\"https:\/\/traveltaleswithioana.com\/en\/category\/portugal\/\" class=\"category-link-portugal\" rel=\"tag\">Portugal<\/a>\t\t<\/span>\n\t<\/div><!-- .entry-taxonomies -->\n\t<h3 class=\"entry-title\"><a href=\"https:\/\/traveltaleswithioana.com\/en\/8-days-itinerary-in-madeira\/\" rel=\"bookmark\">Discovering the island of eternal spring for 8 days - Madeira<\/a><\/h3>\t<div class=\"entry-meta entry-meta-divider-dot\">\n\t\t\t\t<span class=\"posted-on\">\n\t\t\t\t<time class=\"entry-date published\" datetime=\"2025-01-13T18:12:58+00:00\">January 13, 2025<\/time><time class=\"updated\" datetime=\"2025-07-23T13:42:12+00:00\">July 23, 2025<\/time>\t\t\t<\/span>\n\t\t\t\t<\/div><!-- .entry-meta -->\n\t<\/header><!-- .entry-header -->\n\t<div class=\"entry-summary\">\n\t\t<p>With imposing mountains, lush forests, rocky beaches and picturesque towns, Madeira offers an unforgettable experience for lovers of hiking, adventure and relaxation. Discover Madeira's natural beauty, explore the levadas, natural pools and historical attractions, make your perfect vacation on this idyllic island!<\/p>\n\t<\/div><!-- .entry-summary -->\n\t<footer class=\"entry-footer\">\n\t\t\t<div class=\"entry-actions\">\n\t\t\t<p class=\"more-link-wrap\">\n\t\t\t\t<a href=\"https:\/\/traveltaleswithioana.com\/en\/8-days-itinerary-in-madeira\/\" class=\"post-more-link\">\n\t\t\t\t\tRead More<span class=\"screen-reader-text\"> Discovering the island of eternal spring for 8 days - Madeira<\/span><span class=\"kadence-svg-iconset svg-baseline\"><svg aria-hidden=\"true\" class=\"kadence-svg-icon kadence-arrow-right-alt-svg\" fill=\"currentColor\" version=\"1.1\" xmlns=\"http:\/\/www.w3.org\/2000\/svg\" width=\"27\" height=\"28\" viewbox=\"0 0 27 28\"><title>Continue<\/title><path d=\"M27 13.953c0 0.141-0.063 0.281-0.156 0.375l-6 5.531c-0.156 0.141-0.359 0.172-0.547 0.094-0.172-0.078-0.297-0.25-0.297-0.453v-3.5h-19.5c-0.281 0-0.5-0.219-0.5-0.5v-3c0-0.281 0.219-0.5 0.5-0.5h19.5v-3.5c0-0.203 0.109-0.375 0.297-0.453s0.391-0.047 0.547 0.078l6 5.469c0.094 0.094 0.156 0.219 0.156 0.359v0z\"><\/path>\n\t\t\t<\/svg><\/span>\t\t\t\t<\/a>\n\t\t\t<\/p>\n\t\t<\/div><!-- .entry-actions -->\n\t\t<\/footer><!-- .entry-footer -->\t\t<\/div>\n\t<\/article>\n<\/li>\n<\/ul>","protected":false},"excerpt":{"rendered":"","protected":false},"author":1,"featured_media":0,"parent":0,"menu_order":0,"comment_status":"closed","ping_status":"closed","template":"","meta":{"_uag_custom_page_level_css":"","_monsterinsights_skip_tracking":false,"_monsterinsights_sitenote_active":false,"_monsterinsights_sitenote_note":"","_monsterinsights_sitenote_category":0,"_kadence_starter_templates_imported_post":false,"_kad_post_transparent":"","_kad_post_title":"","_kad_post_layout":"","_kad_post_sidebar_id":"","_kad_post_content_style":"","_kad_post_vertical_padding":"","_kad_post_feature":"","_kad_post_feature_position":"","_kad_post_header":false,"_kad_post_footer":false,"_kad_post_classname":"","footnotes":""},"class_list":["post-2817","page","type-page","status-publish","hentry"],"yoast_head":"<!-- This site is optimized with the Yoast SEO plugin v27.3 - https:\/\/yoast.com\/product\/yoast-seo-wordpress\/ -->\n<title>PORTUGALIA - Travel Tales with Ioana<\/title>\n<meta name=\"robots\" content=\"index, follow, max-snippet:-1, max-image-preview:large, max-video-preview:-1\" \/>\n<link rel=\"canonical\" href=\"https:\/\/traveltaleswithioana.com\/en\/portugal\/\" \/>\n<meta property=\"og:locale\" content=\"en_US\" \/>\n<meta property=\"og:type\" content=\"article\" \/>\n<meta property=\"og:title\" content=\"PORTUGALIA - Travel Tales with Ioana\" \/>\n<meta property=\"og:url\" content=\"https:\/\/traveltaleswithioana.com\/en\/portugal\/\" \/>\n<meta property=\"og:site_name\" content=\"Travel Tales with Ioana\" \/>\n<meta property=\"article:modified_time\" content=\"2025-11-14T14:45:25+00:00\" \/>\n<meta name=\"twitter:card\" content=\"summary_large_image\" \/>\n<script type=\"application\/ld+json\" class=\"yoast-schema-graph\">{\"@context\":\"https:\\\/\\\/schema.org\",\"@graph\":[{\"@type\":\"WebPage\",\"@id\":\"https:\\\/\\\/traveltaleswithioana.com\\\/portugal\\\/\",\"url\":\"https:\\\/\\\/traveltaleswithioana.com\\\/portugal\\\/\",\"name\":\"PORTUGALIA - Travel Tales with Ioana\",\"isPartOf\":{\"@id\":\"https:\\\/\\\/traveltaleswithioana.com\\\/#website\"},\"datePublished\":\"2025-11-11T12:31:44+00:00\",\"dateModified\":\"2025-11-14T14:45:25+00:00\",\"breadcrumb\":{\"@id\":\"https:\\\/\\\/traveltaleswithioana.com\\\/portugal\\\/#breadcrumb\"},\"inLanguage\":\"en-US\",\"potentialAction\":[{\"@type\":\"ReadAction\",\"target\":[\"https:\\\/\\\/traveltaleswithioana.com\\\/portugal\\\/\"]}]},{\"@type\":\"BreadcrumbList\",\"@id\":\"https:\\\/\\\/traveltaleswithioana.com\\\/portugal\\\/#breadcrumb\",\"itemListElement\":[{\"@type\":\"ListItem\",\"position\":1,\"name\":\"Home\",\"item\":\"https:\\\/\\\/traveltaleswithioana.com\\\/\"},{\"@type\":\"ListItem\",\"position\":2,\"name\":\"PORTUGALIA\"}]},{\"@type\":\"WebSite\",\"@id\":\"https:\\\/\\\/traveltaleswithioana.com\\\/#website\",\"url\":\"https:\\\/\\\/traveltaleswithioana.com\\\/\",\"name\":\"Travel Tales with Ioana\",\"description\":\"\",\"publisher\":{\"@id\":\"https:\\\/\\\/traveltaleswithioana.com\\\/#organization\"},\"potentialAction\":[{\"@type\":\"SearchAction\",\"target\":{\"@type\":\"EntryPoint\",\"urlTemplate\":\"https:\\\/\\\/traveltaleswithioana.com\\\/?s={search_term_string}\"},\"query-input\":{\"@type\":\"PropertyValueSpecification\",\"valueRequired\":true,\"valueName\":\"search_term_string\"}}],\"inLanguage\":\"en-US\"},{\"@type\":\"Organization\",\"@id\":\"https:\\\/\\\/traveltaleswithioana.com\\\/#organization\",\"name\":\"Travel Tales with Ioana\",\"url\":\"https:\\\/\\\/traveltaleswithioana.com\\\/\",\"logo\":{\"@type\":\"ImageObject\",\"inLanguage\":\"en-US\",\"@id\":\"https:\\\/\\\/traveltaleswithioana.com\\\/#\\\/schema\\\/logo\\\/image\\\/\",\"url\":\"https:\\\/\\\/traveltaleswithioana.com\\\/wp-content\\\/uploads\\\/2024\\\/11\\\/logo_mai_bun-removebg-preview.png\",\"contentUrl\":\"https:\\\/\\\/traveltaleswithioana.com\\\/wp-content\\\/uploads\\\/2024\\\/11\\\/logo_mai_bun-removebg-preview.png\",\"width\":500,\"height\":100,\"caption\":\"Travel Tales with Ioana\"},\"image\":{\"@id\":\"https:\\\/\\\/traveltaleswithioana.com\\\/#\\\/schema\\\/logo\\\/image\\\/\"}}]}<\/script>\n<!-- \/ Yoast SEO plugin. -->","yoast_head_json":{"title":"PORTUGALIA - Travel Tales with Ioana","robots":{"index":"index","follow":"follow","max-snippet":"max-snippet:-1","max-image-preview":"max-image-preview:large","max-video-preview":"max-video-preview:-1"},"canonical":"https:\/\/traveltaleswithioana.com\/en\/portugal\/","og_locale":"en_US","og_type":"article","og_title":"PORTUGALIA - Travel Tales with Ioana","og_url":"https:\/\/traveltaleswithioana.com\/en\/portugal\/","og_site_name":"Travel Tales with Ioana","article_modified_time":"2025-11-14T14:45:25+00:00","twitter_card":"summary_large_image","schema":{"@context":"https:\/\/schema.org","@graph":[{"@type":"WebPage","@id":"https:\/\/traveltaleswithioana.com\/portugal\/","url":"https:\/\/traveltaleswithioana.com\/portugal\/","name":"PORTUGALIA - Travel Tales with Ioana","isPartOf":{"@id":"https:\/\/traveltaleswithioana.com\/#website"},"datePublished":"2025-11-11T12:31:44+00:00","dateModified":"2025-11-14T14:45:25+00:00","breadcrumb":{"@id":"https:\/\/traveltaleswithioana.com\/portugal\/#breadcrumb"},"inLanguage":"en-US","potentialAction":[{"@type":"ReadAction","target":["https:\/\/traveltaleswithioana.com\/portugal\/"]}]},{"@type":"BreadcrumbList","@id":"https:\/\/traveltaleswithioana.com\/portugal\/#breadcrumb","itemListElement":[{"@type":"ListItem","position":1,"name":"Home","item":"https:\/\/traveltaleswithioana.com\/"},{"@type":"ListItem","position":2,"name":"PORTUGALIA"}]},{"@type":"WebSite","@id":"https:\/\/traveltaleswithioana.com\/#website","url":"https:\/\/traveltaleswithioana.com\/","name":"Travel Tales with Ioana","description":"","publisher":{"@id":"https:\/\/traveltaleswithioana.com\/#organization"},"potentialAction":[{"@type":"SearchAction","target":{"@type":"EntryPoint","urlTemplate":"https:\/\/traveltaleswithioana.com\/?s={search_term_string}"},"query-input":{"@type":"PropertyValueSpecification","valueRequired":true,"valueName":"search_term_string"}}],"inLanguage":"en-US"},{"@type":"Organization","@id":"https:\/\/traveltaleswithioana.com\/#organization","name":"Travel Tales with Ioana","url":"https:\/\/traveltaleswithioana.com\/","logo":{"@type":"ImageObject","inLanguage":"en-US","@id":"https:\/\/traveltaleswithioana.com\/#\/schema\/logo\/image\/","url":"https:\/\/traveltaleswithioana.com\/wp-content\/uploads\/2024\/11\/logo_mai_bun-removebg-preview.png","contentUrl":"https:\/\/traveltaleswithioana.com\/wp-content\/uploads\/2024\/11\/logo_mai_bun-removebg-preview.png","width":500,"height":100,"caption":"Travel Tales with Ioana"},"image":{"@id":"https:\/\/traveltaleswithioana.com\/#\/schema\/logo\/image\/"}}]}},"uagb_featured_image_src":{"full":false,"thumbnail":false,"medium":false,"medium_large":false,"large":false,"1536x1536":false,"2048x2048":false,"trp-custom-language-flag":false},"uagb_author_info":{"display_name":"ioana.ferdoschi","author_link":"https:\/\/traveltaleswithioana.com\/en\/author\/ioana-ferdoschi\/"},"uagb_comment_info":0,"uagb_excerpt":null,"_links":{"self":[{"href":"https:\/\/traveltaleswithioana.com\/en\/wp-json\/wp\/v2\/pages\/2817","targetHints":{"allow":["GET"]}}],"collection":[{"href":"https:\/\/traveltaleswithioana.com\/en\/wp-json\/wp\/v2\/pages"}],"about":[{"href":"https:\/\/traveltaleswithioana.com\/en\/wp-json\/wp\/v2\/types\/page"}],"author":[{"embeddable":true,"href":"https:\/\/traveltaleswithioana.com\/en\/wp-json\/wp\/v2\/users\/1"}],"replies":[{"embeddable":true,"href":"https:\/\/traveltaleswithioana.com\/en\/wp-json\/wp\/v2\/comments?post=2817"}],"version-history":[{"count":1,"href":"https:\/\/traveltaleswithioana.com\/en\/wp-json\/wp\/v2\/pages\/2817\/revisions"}],"predecessor-version":[{"id":2818,"href":"https:\/\/traveltaleswithioana.com\/en\/wp-json\/wp\/v2\/pages\/2817\/revisions\/2818"}],"wp:attachment":[{"href":"https:\/\/traveltaleswithioana.com\/en\/wp-json\/wp\/v2\/media?parent=2817"}],"curies":[{"name":"wp","href":"https:\/\/api.w.org\/{rel}","templated":true}]}}