{"id":2811,"date":"2025-11-11T12:28:29","date_gmt":"2025-11-11T12:28:29","guid":{"rendered":"https:\/\/traveltaleswithioana.com\/?page_id=2811"},"modified":"2025-11-19T18:17:16","modified_gmt":"2025-11-19T18:17:16","slug":"finland","status":"publish","type":"page","link":"https:\/\/traveltaleswithioana.com\/en\/finland\/","title":{"rendered":"Finland"},"content":{"rendered":"<style>.kb-row-layout-id2811_90f906-9f > .kt-row-column-wrap{align-content:start;}:where(.kb-row-layout-id2811_90f906-9f > .kt-row-column-wrap) > .wp-block-kadence-column{justify-content:start;}.kb-row-layout-id2811_90f906-9f > .kt-row-column-wrap{column-gap:var(--global-kb-gap-md, 2rem);row-gap:var(--global-kb-gap-md, 2rem);padding-top:var(--global-kb-spacing-3xl, 6.5rem);padding-bottom:var(--global-kb-spacing-4xl, 8rem);grid-template-columns:minmax(0, 1fr);}.kb-row-layout-id2811_90f906-9f{background-image:url('https:\/\/traveltaleswithioana.com\/wp-content\/uploads\/2024\/12\/IMG_20221201_140614-scaled.webp');background-size:cover;background-position:47% 65%;background-attachment:scroll;background-repeat:no-repeat;}.kb-row-layout-id2811_90f906-9f > .kt-row-layout-overlay{opacity:0.30;}.kb-row-layout-id2811_90f906-9f ,.kb-row-layout-id2811_90f906-9f h1,.kb-row-layout-id2811_90f906-9f h2,.kb-row-layout-id2811_90f906-9f h3,.kb-row-layout-id2811_90f906-9f h4,.kb-row-layout-id2811_90f906-9f h5,.kb-row-layout-id2811_90f906-9f h6{color:var(--global-palette9, #ffffff);}@media all and (max-width: 1024px){.kb-row-layout-id2811_90f906-9f > .kt-row-column-wrap{grid-template-columns:minmax(0, 1fr);}}@media all and (max-width: 767px){.kb-row-layout-id2811_90f906-9f > .kt-row-column-wrap{grid-template-columns:minmax(0, 1fr);}}<\/style><div class=\"kb-row-layout-wrap kb-row-layout-id2811_90f906-9f alignnone kt-row-has-bg wp-block-kadence-rowlayout\"><div class=\"kt-row-column-wrap kt-has-1-columns kt-row-layout-equal kt-tab-layout-inherit kt-mobile-layout-row kt-row-valign-top\">\n<style>.kadence-column2811_68ec39-f4 > .kt-inside-inner-col,.kadence-column2811_68ec39-f4 > .kt-inside-inner-col:before{border-top-left-radius:0px;border-top-right-radius:0px;border-bottom-right-radius:0px;border-bottom-left-radius:0px;}.kadence-column2811_68ec39-f4 > .kt-inside-inner-col{column-gap:var(--global-kb-gap-sm, 1rem);}.kadence-column2811_68ec39-f4 > .kt-inside-inner-col{flex-direction:column;}.kadence-column2811_68ec39-f4 > .kt-inside-inner-col > .aligncenter{width:100%;}.kadence-column2811_68ec39-f4 > .kt-inside-inner-col:before{opacity:0.3;}.kadence-column2811_68ec39-f4{position:relative;}@media all and (max-width: 1024px){.kadence-column2811_68ec39-f4 > .kt-inside-inner-col{flex-direction:column;justify-content:center;}}@media all and (max-width: 767px){.kadence-column2811_68ec39-f4 > .kt-inside-inner-col{flex-direction:column;justify-content:center;}}<\/style>\n<div class=\"wp-block-kadence-column kadence-column2811_68ec39-f4\"><div class=\"kt-inside-inner-col\">\n<h1 class=\"wp-block-heading has-text-align-center\">WELCOME TO FINLAND!<\/h1>\n<\/div><\/div>\n\n<\/div><\/div>\n\n\n<p><\/p>\n\n\n\n<p>\u021ainutul nordic unde magia devine realitate &#8211; un t\u0103r\u00e2m al lini\u0219tii, al aventurii \u0219i al viselor din copil\u0103rie, locul unde sim\u021bi c\u0103 intri \u00eentr-o lume diferit\u0103, mai pur\u0103 \u0219i mai misterioas\u0103. Pe blog vei descoperi articole care te poart\u0103 printre peisaje arctice impresionante, sate tradi\u021bionale sami, \u00eent\u00e2lnirea cu Mo\u0219 Cr\u0103ciun \u00een Rovaniemi. <br><br>Fiecare articol te invit\u0103 s\u0103 descoperi c\u00e2te un fragment din aceast\u0103 lume fascinant\u0103, ajut\u00e2ndu-te s\u0103 vezi Laponia prin ochii unui c\u0103l\u0103tor \u00eendr\u0103gostit de nord. Dac\u0103 visezi la o aventur\u0103 arctic\u0103, \u00ee\u021bi recomand s\u0103 explorezi articolele de mai jos. Laponia te a\u0219teapt\u0103 cu o magie care nu poate fi descris\u0103 \u2014 trebuie tr\u0103it\u0103!<\/p>\n\n\n<style>.wp-block-kadence-spacer.kt-block-spacer-2811_d13d15-a9 .kt-block-spacer{height:100px;}.wp-block-kadence-spacer.kt-block-spacer-2811_d13d15-a9 .kt-divider{border-top-width:1px;height:1px;border-top-color:#eee;width:80%;border-top-style:solid;}<\/style>\n<div class=\"wp-block-kadence-spacer aligncenter kt-block-spacer-2811_d13d15-a9\"><div class=\"kt-block-spacer kt-block-spacer-halign-center\"><hr class=\"kt-divider\"\/><\/div><\/div>\n\n\n\n<h1 class=\"wp-block-heading has-text-align-center\">Have a look and get inspired! \ud83d\ude42<\/h1>\n\n\n<style>.kb-posts-id-2811_01a2c1-13 .entry.loop-entry .entry-header .entry-title{font-size:var(--global-kb-font-size-md, 1.25rem);}.kb-posts-id-2811_01a2c1-13 .loop-entry{background:transparent;box-shadow:none;}.kb-posts-id-2811_01a2c1-13 .loop-entry > .entry-content-wrap{padding:0px;}.kb-posts-id-2811_01a2c1-13 .loop-entry .post-thumbnail{margin-bottom:1em;}.kb-posts-id-2811_01a2c1-13 .kb-post-list-item{display:grid;}<\/style><ul class=\"wp-block-kadence-posts kb-posts kadence-posts-list kb-posts-id-2811_01a2c1-13 content-wrap grid-cols kb-posts-style-unboxed grid-sm-col-2 grid-lg-col-3 item-image-style-above\"><li class=\"kb-post-list-item\">\n\t<article class=\"entry content-bg loop-entry post-772 post type-post status-publish format-standard has-post-thumbnail hentry category-finland tag-europe tag-lapland tag-nordics\">\n\t\t\t\t<a aria-hidden=\"true\" tabindex=\"-1\" role=\"presentation\" class=\"post-thumbnail kadence-thumbnail-ratio-2-3\" href=\"https:\/\/traveltaleswithioana.com\/en\/how-to-dress-up-for-nordics\/\" aria-label=\"What should you pack for Finland in winter?\">\n\t\t\t<div class=\"post-thumbnail-inner\">\n\t\t\t\t<img decoding=\"async\" width=\"768\" height=\"1024\" src=\"https:\/\/traveltaleswithioana.com\/wp-content\/uploads\/2024\/12\/IMG_20221202_111323-768x1024.webp\" class=\"attachment-medium_large size-medium_large wp-post-image\" alt=\"Ce ar trebui s\u0103 con\u021bin\u0103 bagajul pentru Finlanda, iarna?\" srcset=\"https:\/\/traveltaleswithioana.com\/wp-content\/uploads\/2024\/12\/IMG_20221202_111323-768x1024.webp 768w, https:\/\/traveltaleswithioana.com\/wp-content\/uploads\/2024\/12\/IMG_20221202_111323-225x300.webp 225w, https:\/\/traveltaleswithioana.com\/wp-content\/uploads\/2024\/12\/IMG_20221202_111323-1152x1536.webp 1152w, https:\/\/traveltaleswithioana.com\/wp-content\/uploads\/2024\/12\/IMG_20221202_111323-9x12.webp 9w, https:\/\/traveltaleswithioana.com\/wp-content\/uploads\/2024\/12\/IMG_20221202_111323.webp 1440w\" sizes=\"(max-width: 768px) 100vw, 768px\" \/>\t\t\t<\/div>\n\t\t<\/a><!-- .post-thumbnail -->\n\t\t\t\t<div class=\"entry-content-wrap\">\n\t\t\t<header class=\"entry-header\">\n\t\t<div class=\"entry-taxonomies\">\n\t\t<span class=\"category-links term-links category-style-pill\">\n\t\t\t<a href=\"https:\/\/traveltaleswithioana.com\/en\/category\/finland\/\" class=\"category-link-finland\" rel=\"tag\">Finland<\/a>\t\t<\/span>\n\t<\/div><!-- .entry-taxonomies -->\n\t<h3 class=\"entry-title\"><a href=\"https:\/\/traveltaleswithioana.com\/en\/how-to-dress-up-for-nordics\/\" rel=\"bookmark\">What should you pack for Finland in winter?<\/a><\/h3>\t<div class=\"entry-meta entry-meta-divider-dot\">\n\t\t\t\t<span class=\"posted-on\">\n\t\t\t\t<time class=\"entry-date published\" datetime=\"2024-12-04T21:45:58+00:00\">December 4, 2024<\/time><time class=\"updated\" datetime=\"2025-12-13T17:05:31+00:00\">December 13, 2025<\/time>\t\t\t<\/span>\n\t\t\t\t<\/div><!-- .entry-meta -->\n\t<\/header><!-- .entry-header -->\n\t<div class=\"entry-summary\">\n\t\t<p>A little guide to the clothes you should have when traveling in any of the Nordic countries.<\/p>\n\t<\/div><!-- .entry-summary -->\n\t<footer class=\"entry-footer\">\n\t\t\t<div class=\"entry-actions\">\n\t\t\t<p class=\"more-link-wrap\">\n\t\t\t\t<a href=\"https:\/\/traveltaleswithioana.com\/en\/how-to-dress-up-for-nordics\/\" class=\"post-more-link\">\n\t\t\t\t\tRead More<span class=\"screen-reader-text\"> What should you pack for Finland in winter?<\/span><span class=\"kadence-svg-iconset svg-baseline\"><svg aria-hidden=\"true\" class=\"kadence-svg-icon kadence-arrow-right-alt-svg\" fill=\"currentColor\" version=\"1.1\" xmlns=\"http:\/\/www.w3.org\/2000\/svg\" width=\"27\" height=\"28\" viewbox=\"0 0 27 28\"><title>Continue<\/title><path d=\"M27 13.953c0 0.141-0.063 0.281-0.156 0.375l-6 5.531c-0.156 0.141-0.359 0.172-0.547 0.094-0.172-0.078-0.297-0.25-0.297-0.453v-3.5h-19.5c-0.281 0-0.5-0.219-0.5-0.5v-3c0-0.281 0.219-0.5 0.5-0.5h19.5v-3.5c0-0.203 0.109-0.375 0.297-0.453s0.391-0.047 0.547 0.078l6 5.469c0.094 0.094 0.156 0.219 0.156 0.359v0z\"><\/path>\n\t\t\t<\/svg><\/span>\t\t\t\t<\/a>\n\t\t\t<\/p>\n\t\t<\/div><!-- .entry-actions -->\n\t\t<\/footer><!-- .entry-footer -->\t\t<\/div>\n\t<\/article>\n<\/li>\n<li class=\"kb-post-list-item\">\n\t<article class=\"entry content-bg loop-entry post-758 post type-post status-publish format-standard has-post-thumbnail hentry category-finland category-norway tag-arcticcircle tag-europe tag-northernlights\">\n\t\t\t\t<a aria-hidden=\"true\" tabindex=\"-1\" role=\"presentation\" class=\"post-thumbnail kadence-thumbnail-ratio-2-3\" href=\"https:\/\/traveltaleswithioana.com\/en\/how-to-take-good-photos-to-northern-lights\/\" aria-label=\"Tips for capturing the Northern Lights\">\n\t\t\t<div class=\"post-thumbnail-inner\">\n\t\t\t\t<img decoding=\"async\" width=\"768\" height=\"1024\" src=\"https:\/\/traveltaleswithioana.com\/wp-content\/uploads\/2024\/12\/IMG_4075-768x1024.webp\" class=\"attachment-medium_large size-medium_large wp-post-image\" alt=\"Sfaturi pentru surprinderea aurorei boreale\" srcset=\"https:\/\/traveltaleswithioana.com\/wp-content\/uploads\/2024\/12\/IMG_4075-768x1024.webp 768w, https:\/\/traveltaleswithioana.com\/wp-content\/uploads\/2024\/12\/IMG_4075-225x300.webp 225w, https:\/\/traveltaleswithioana.com\/wp-content\/uploads\/2024\/12\/IMG_4075-1152x1536.webp 1152w, https:\/\/traveltaleswithioana.com\/wp-content\/uploads\/2024\/12\/IMG_4075-9x12.webp 9w, https:\/\/traveltaleswithioana.com\/wp-content\/uploads\/2024\/12\/IMG_4075.webp 1536w\" sizes=\"(max-width: 768px) 100vw, 768px\" \/>\t\t\t<\/div>\n\t\t<\/a><!-- .post-thumbnail -->\n\t\t\t\t<div class=\"entry-content-wrap\">\n\t\t\t<header class=\"entry-header\">\n\t\t<div class=\"entry-taxonomies\">\n\t\t<span class=\"category-links term-links category-style-pill\">\n\t\t\t<a href=\"https:\/\/traveltaleswithioana.com\/en\/category\/finland\/\" class=\"category-link-finland\" rel=\"tag\">Finland<\/a> <a href=\"https:\/\/traveltaleswithioana.com\/en\/category\/norway\/\" class=\"category-link-norway\" rel=\"tag\">Norway<\/a>\t\t<\/span>\n\t<\/div><!-- .entry-taxonomies -->\n\t<h3 class=\"entry-title\"><a href=\"https:\/\/traveltaleswithioana.com\/en\/how-to-take-good-photos-to-northern-lights\/\" rel=\"bookmark\">Tips for capturing the Northern Lights<\/a><\/h3>\t<div class=\"entry-meta entry-meta-divider-dot\">\n\t\t\t\t<span class=\"posted-on\">\n\t\t\t\t<time class=\"entry-date published\" datetime=\"2024-12-04T21:23:23+00:00\">December 4, 2024<\/time><time class=\"updated\" datetime=\"2025-12-13T17:35:41+00:00\">December 13, 2025<\/time>\t\t\t<\/span>\n\t\t\t\t<\/div><!-- .entry-meta -->\n\t<\/header><!-- .entry-header -->\n\t<div class=\"entry-summary\">\n\t\t<p>Check out this mini guide to my tips on how best to capture the Northern Lights!<\/p>\n\t<\/div><!-- .entry-summary -->\n\t<footer class=\"entry-footer\">\n\t\t\t<div class=\"entry-actions\">\n\t\t\t<p class=\"more-link-wrap\">\n\t\t\t\t<a href=\"https:\/\/traveltaleswithioana.com\/en\/how-to-take-good-photos-to-northern-lights\/\" class=\"post-more-link\">\n\t\t\t\t\tRead More<span class=\"screen-reader-text\"> Tips for capturing the Northern Lights<\/span><span class=\"kadence-svg-iconset svg-baseline\"><svg aria-hidden=\"true\" class=\"kadence-svg-icon kadence-arrow-right-alt-svg\" fill=\"currentColor\" version=\"1.1\" xmlns=\"http:\/\/www.w3.org\/2000\/svg\" width=\"27\" height=\"28\" viewbox=\"0 0 27 28\"><title>Continue<\/title><path d=\"M27 13.953c0 0.141-0.063 0.281-0.156 0.375l-6 5.531c-0.156 0.141-0.359 0.172-0.547 0.094-0.172-0.078-0.297-0.25-0.297-0.453v-3.5h-19.5c-0.281 0-0.5-0.219-0.5-0.5v-3c0-0.281 0.219-0.5 0.5-0.5h19.5v-3.5c0-0.203 0.109-0.375 0.297-0.453s0.391-0.047 0.547 0.078l6 5.469c0.094 0.094 0.156 0.219 0.156 0.359v0z\"><\/path>\n\t\t\t<\/svg><\/span>\t\t\t\t<\/a>\n\t\t\t<\/p>\n\t\t<\/div><!-- .entry-actions -->\n\t\t<\/footer><!-- .entry-footer -->\t\t<\/div>\n\t<\/article>\n<\/li>\n<li class=\"kb-post-list-item\">\n\t<article class=\"entry content-bg loop-entry post-669 post type-post status-publish format-standard has-post-thumbnail hentry category-finland tag-arcticcircle tag-europe tag-lapland tag-santaclaus\">\n\t\t\t\t<a aria-hidden=\"true\" tabindex=\"-1\" role=\"presentation\" class=\"post-thumbnail kadence-thumbnail-ratio-2-3\" href=\"https:\/\/traveltaleswithioana.com\/en\/7-days-itinerary-lapland\/\" aria-label=\"7-day itinerary through magical Lapland!\">\n\t\t\t<div class=\"post-thumbnail-inner\">\n\t\t\t\t<img decoding=\"async\" width=\"768\" height=\"576\" src=\"https:\/\/traveltaleswithioana.com\/wp-content\/uploads\/2024\/12\/IMG_20221129_170856-768x576.webp\" class=\"attachment-medium_large size-medium_large wp-post-image\" alt=\"Itinerar de 7 zile prin Laponia de poveste!\" srcset=\"https:\/\/traveltaleswithioana.com\/wp-content\/uploads\/2024\/12\/IMG_20221129_170856-768x576.webp 768w, https:\/\/traveltaleswithioana.com\/wp-content\/uploads\/2024\/12\/IMG_20221129_170856-300x225.webp 300w, https:\/\/traveltaleswithioana.com\/wp-content\/uploads\/2024\/12\/IMG_20221129_170856-1024x768.webp 1024w, https:\/\/traveltaleswithioana.com\/wp-content\/uploads\/2024\/12\/IMG_20221129_170856-1536x1152.webp 1536w, https:\/\/traveltaleswithioana.com\/wp-content\/uploads\/2024\/12\/IMG_20221129_170856-2048x1536.webp 2048w, https:\/\/traveltaleswithioana.com\/wp-content\/uploads\/2024\/12\/IMG_20221129_170856-16x12.webp 16w\" sizes=\"(max-width: 768px) 100vw, 768px\" \/>\t\t\t<\/div>\n\t\t<\/a><!-- .post-thumbnail -->\n\t\t\t\t<div class=\"entry-content-wrap\">\n\t\t\t<header class=\"entry-header\">\n\t\t<div class=\"entry-taxonomies\">\n\t\t<span class=\"category-links term-links category-style-pill\">\n\t\t\t<a href=\"https:\/\/traveltaleswithioana.com\/en\/category\/finland\/\" class=\"category-link-finland\" rel=\"tag\">Finland<\/a>\t\t<\/span>\n\t<\/div><!-- .entry-taxonomies -->\n\t<h3 class=\"entry-title\"><a href=\"https:\/\/traveltaleswithioana.com\/en\/7-days-itinerary-lapland\/\" rel=\"bookmark\">7-day itinerary through magical Lapland!<\/a><\/h3>\t<div class=\"entry-meta entry-meta-divider-dot\">\n\t\t\t\t<span class=\"posted-on\">\n\t\t\t\t<time class=\"entry-date published\" datetime=\"2024-12-04T19:13:26+00:00\">December 4, 2024<\/time><time class=\"updated\" datetime=\"2025-07-23T13:38:27+00:00\">July 23, 2025<\/time>\t\t\t<\/span>\n\t\t\t\t<\/div><!-- .entry-meta -->\n\t<\/header><!-- .entry-header -->\n\t<div class=\"entry-summary\">\n\t\t<p>Lapland is the magical place of Christmas, where you can meet Santa Claus and feel the excitement of childhood at any age! Save this article for your next holiday!<\/p>\n\t<\/div><!-- .entry-summary -->\n\t<footer class=\"entry-footer\">\n\t\t\t<div class=\"entry-actions\">\n\t\t\t<p class=\"more-link-wrap\">\n\t\t\t\t<a href=\"https:\/\/traveltaleswithioana.com\/en\/7-days-itinerary-lapland\/\" class=\"post-more-link\">\n\t\t\t\t\tRead More<span class=\"screen-reader-text\"> 7-day itinerary through magical Lapland!<\/span><span class=\"kadence-svg-iconset svg-baseline\"><svg aria-hidden=\"true\" class=\"kadence-svg-icon kadence-arrow-right-alt-svg\" fill=\"currentColor\" version=\"1.1\" xmlns=\"http:\/\/www.w3.org\/2000\/svg\" width=\"27\" height=\"28\" viewbox=\"0 0 27 28\"><title>Continue<\/title><path d=\"M27 13.953c0 0.141-0.063 0.281-0.156 0.375l-6 5.531c-0.156 0.141-0.359 0.172-0.547 0.094-0.172-0.078-0.297-0.25-0.297-0.453v-3.5h-19.5c-0.281 0-0.5-0.219-0.5-0.5v-3c0-0.281 0.219-0.5 0.5-0.5h19.5v-3.5c0-0.203 0.109-0.375 0.297-0.453s0.391-0.047 0.547 0.078l6 5.469c0.094 0.094 0.156 0.219 0.156 0.359v0z\"><\/path>\n\t\t\t<\/svg><\/span>\t\t\t\t<\/a>\n\t\t\t<\/p>\n\t\t<\/div><!-- .entry-actions -->\n\t\t<\/footer><!-- .entry-footer -->\t\t<\/div>\n\t<\/article>\n<\/li>\n<\/ul>","protected":false},"excerpt":{"rendered":"<p>WELCOME TO FINLAND! \u021ainutul nordic unde magia devine realitate &#8211; un t\u0103r\u00e2m al lini\u0219tii, al aventurii \u0219i al viselor din copil\u0103rie, locul unde sim\u021bi c\u0103 intri \u00eentr-o lume diferit\u0103, mai pur\u0103 \u0219i mai misterioas\u0103. Pe blog vei descoperi articole care te poart\u0103 printre peisaje arctice impresionante, sate tradi\u021bionale sami, \u00eent\u00e2lnirea cu Mo\u0219 Cr\u0103ciun \u00een Rovaniemi&#8230;.<\/p>","protected":false},"author":1,"featured_media":0,"parent":0,"menu_order":0,"comment_status":"closed","ping_status":"closed","template":"","meta":{"_uag_custom_page_level_css":"","_monsterinsights_skip_tracking":false,"_monsterinsights_sitenote_active":false,"_monsterinsights_sitenote_note":"","_monsterinsights_sitenote_category":0,"_kadence_starter_templates_imported_post":false,"_kad_post_transparent":"","_kad_post_title":"","_kad_post_layout":"","_kad_post_sidebar_id":"","_kad_post_content_style":"","_kad_post_vertical_padding":"","_kad_post_feature":"","_kad_post_feature_position":"","_kad_post_header":false,"_kad_post_footer":false,"_kad_post_classname":"","footnotes":""},"class_list":["post-2811","page","type-page","status-publish","hentry"],"yoast_head":"<!-- This site is optimized with the Yoast SEO plugin v27.3 - https:\/\/yoast.com\/product\/yoast-seo-wordpress\/ -->\n<title>Finlanda - Travel Tales with Ioana<\/title>\n<meta name=\"robots\" content=\"index, follow, max-snippet:-1, max-image-preview:large, max-video-preview:-1\" \/>\n<link rel=\"canonical\" href=\"https:\/\/traveltaleswithioana.com\/en\/finland\/\" \/>\n<meta property=\"og:locale\" content=\"en_US\" \/>\n<meta property=\"og:type\" content=\"article\" \/>\n<meta property=\"og:title\" content=\"Finlanda - Travel Tales with Ioana\" \/>\n<meta property=\"og:description\" content=\"WELCOME TO FINLAND! \u021ainutul nordic unde magia devine realitate &#8211; un t\u0103r\u00e2m al lini\u0219tii, al aventurii \u0219i al viselor din copil\u0103rie, locul unde sim\u021bi c\u0103 intri \u00eentr-o lume diferit\u0103, mai pur\u0103 \u0219i mai misterioas\u0103. Pe blog vei descoperi articole care te poart\u0103 printre peisaje arctice impresionante, sate tradi\u021bionale sami, \u00eent\u00e2lnirea cu Mo\u0219 Cr\u0103ciun \u00een Rovaniemi....\" \/>\n<meta property=\"og:url\" content=\"https:\/\/traveltaleswithioana.com\/en\/finland\/\" \/>\n<meta property=\"og:site_name\" content=\"Travel Tales with Ioana\" \/>\n<meta property=\"article:modified_time\" content=\"2025-11-19T18:17:16+00:00\" \/>\n<meta name=\"twitter:card\" content=\"summary_large_image\" \/>\n<meta name=\"twitter:label1\" content=\"Est. reading time\" \/>\n\t<meta name=\"twitter:data1\" content=\"1 minute\" \/>\n<script type=\"application\/ld+json\" class=\"yoast-schema-graph\">{\"@context\":\"https:\\\/\\\/schema.org\",\"@graph\":[{\"@type\":\"WebPage\",\"@id\":\"https:\\\/\\\/traveltaleswithioana.com\\\/finland\\\/\",\"url\":\"https:\\\/\\\/traveltaleswithioana.com\\\/finland\\\/\",\"name\":\"Finlanda - Travel Tales with Ioana\",\"isPartOf\":{\"@id\":\"https:\\\/\\\/traveltaleswithioana.com\\\/#website\"},\"datePublished\":\"2025-11-11T12:28:29+00:00\",\"dateModified\":\"2025-11-19T18:17:16+00:00\",\"breadcrumb\":{\"@id\":\"https:\\\/\\\/traveltaleswithioana.com\\\/finland\\\/#breadcrumb\"},\"inLanguage\":\"en-US\",\"potentialAction\":[{\"@type\":\"ReadAction\",\"target\":[\"https:\\\/\\\/traveltaleswithioana.com\\\/finland\\\/\"]}]},{\"@type\":\"BreadcrumbList\",\"@id\":\"https:\\\/\\\/traveltaleswithioana.com\\\/finland\\\/#breadcrumb\",\"itemListElement\":[{\"@type\":\"ListItem\",\"position\":1,\"name\":\"Home\",\"item\":\"https:\\\/\\\/traveltaleswithioana.com\\\/\"},{\"@type\":\"ListItem\",\"position\":2,\"name\":\"Finlanda\"}]},{\"@type\":\"WebSite\",\"@id\":\"https:\\\/\\\/traveltaleswithioana.com\\\/#website\",\"url\":\"https:\\\/\\\/traveltaleswithioana.com\\\/\",\"name\":\"Travel Tales with Ioana\",\"description\":\"\",\"publisher\":{\"@id\":\"https:\\\/\\\/traveltaleswithioana.com\\\/#organization\"},\"potentialAction\":[{\"@type\":\"SearchAction\",\"target\":{\"@type\":\"EntryPoint\",\"urlTemplate\":\"https:\\\/\\\/traveltaleswithioana.com\\\/?s={search_term_string}\"},\"query-input\":{\"@type\":\"PropertyValueSpecification\",\"valueRequired\":true,\"valueName\":\"search_term_string\"}}],\"inLanguage\":\"en-US\"},{\"@type\":\"Organization\",\"@id\":\"https:\\\/\\\/traveltaleswithioana.com\\\/#organization\",\"name\":\"Travel Tales with Ioana\",\"url\":\"https:\\\/\\\/traveltaleswithioana.com\\\/\",\"logo\":{\"@type\":\"ImageObject\",\"inLanguage\":\"en-US\",\"@id\":\"https:\\\/\\\/traveltaleswithioana.com\\\/#\\\/schema\\\/logo\\\/image\\\/\",\"url\":\"https:\\\/\\\/traveltaleswithioana.com\\\/wp-content\\\/uploads\\\/2024\\\/11\\\/logo_mai_bun-removebg-preview.png\",\"contentUrl\":\"https:\\\/\\\/traveltaleswithioana.com\\\/wp-content\\\/uploads\\\/2024\\\/11\\\/logo_mai_bun-removebg-preview.png\",\"width\":500,\"height\":100,\"caption\":\"Travel Tales with Ioana\"},\"image\":{\"@id\":\"https:\\\/\\\/traveltaleswithioana.com\\\/#\\\/schema\\\/logo\\\/image\\\/\"}}]}<\/script>\n<!-- \/ Yoast SEO plugin. -->","yoast_head_json":{"title":"Finlanda - Travel Tales with Ioana","robots":{"index":"index","follow":"follow","max-snippet":"max-snippet:-1","max-image-preview":"max-image-preview:large","max-video-preview":"max-video-preview:-1"},"canonical":"https:\/\/traveltaleswithioana.com\/en\/finland\/","og_locale":"en_US","og_type":"article","og_title":"Finlanda - Travel Tales with Ioana","og_description":"WELCOME TO FINLAND! \u021ainutul nordic unde magia devine realitate &#8211; un t\u0103r\u00e2m al lini\u0219tii, al aventurii \u0219i al viselor din copil\u0103rie, locul unde sim\u021bi c\u0103 intri \u00eentr-o lume diferit\u0103, mai pur\u0103 \u0219i mai misterioas\u0103. Pe blog vei descoperi articole care te poart\u0103 printre peisaje arctice impresionante, sate tradi\u021bionale sami, \u00eent\u00e2lnirea cu Mo\u0219 Cr\u0103ciun \u00een Rovaniemi....","og_url":"https:\/\/traveltaleswithioana.com\/en\/finland\/","og_site_name":"Travel Tales with Ioana","article_modified_time":"2025-11-19T18:17:16+00:00","twitter_card":"summary_large_image","twitter_misc":{"Est. reading time":"1 minute"},"schema":{"@context":"https:\/\/schema.org","@graph":[{"@type":"WebPage","@id":"https:\/\/traveltaleswithioana.com\/finland\/","url":"https:\/\/traveltaleswithioana.com\/finland\/","name":"Finlanda - Travel Tales with Ioana","isPartOf":{"@id":"https:\/\/traveltaleswithioana.com\/#website"},"datePublished":"2025-11-11T12:28:29+00:00","dateModified":"2025-11-19T18:17:16+00:00","breadcrumb":{"@id":"https:\/\/traveltaleswithioana.com\/finland\/#breadcrumb"},"inLanguage":"en-US","potentialAction":[{"@type":"ReadAction","target":["https:\/\/traveltaleswithioana.com\/finland\/"]}]},{"@type":"BreadcrumbList","@id":"https:\/\/traveltaleswithioana.com\/finland\/#breadcrumb","itemListElement":[{"@type":"ListItem","position":1,"name":"Home","item":"https:\/\/traveltaleswithioana.com\/"},{"@type":"ListItem","position":2,"name":"Finlanda"}]},{"@type":"WebSite","@id":"https:\/\/traveltaleswithioana.com\/#website","url":"https:\/\/traveltaleswithioana.com\/","name":"Travel Tales with Ioana","description":"","publisher":{"@id":"https:\/\/traveltaleswithioana.com\/#organization"},"potentialAction":[{"@type":"SearchAction","target":{"@type":"EntryPoint","urlTemplate":"https:\/\/traveltaleswithioana.com\/?s={search_term_string}"},"query-input":{"@type":"PropertyValueSpecification","valueRequired":true,"valueName":"search_term_string"}}],"inLanguage":"en-US"},{"@type":"Organization","@id":"https:\/\/traveltaleswithioana.com\/#organization","name":"Travel Tales with Ioana","url":"https:\/\/traveltaleswithioana.com\/","logo":{"@type":"ImageObject","inLanguage":"en-US","@id":"https:\/\/traveltaleswithioana.com\/#\/schema\/logo\/image\/","url":"https:\/\/traveltaleswithioana.com\/wp-content\/uploads\/2024\/11\/logo_mai_bun-removebg-preview.png","contentUrl":"https:\/\/traveltaleswithioana.com\/wp-content\/uploads\/2024\/11\/logo_mai_bun-removebg-preview.png","width":500,"height":100,"caption":"Travel Tales with Ioana"},"image":{"@id":"https:\/\/traveltaleswithioana.com\/#\/schema\/logo\/image\/"}}]}},"uagb_featured_image_src":{"full":false,"thumbnail":false,"medium":false,"medium_large":false,"large":false,"1536x1536":false,"2048x2048":false,"trp-custom-language-flag":false},"uagb_author_info":{"display_name":"ioana.ferdoschi","author_link":"https:\/\/traveltaleswithioana.com\/en\/author\/ioana-ferdoschi\/"},"uagb_comment_info":0,"uagb_excerpt":"WELCOME TO FINLAND! \u021ainutul nordic unde magia devine realitate &#8211; un t\u0103r\u00e2m al lini\u0219tii, al aventurii \u0219i al viselor din copil\u0103rie, locul unde sim\u021bi c\u0103 intri \u00eentr-o lume diferit\u0103, mai pur\u0103 \u0219i mai misterioas\u0103. Pe blog vei descoperi articole care te poart\u0103 printre peisaje arctice impresionante, sate tradi\u021bionale sami, \u00eent\u00e2lnirea cu Mo\u0219 Cr\u0103ciun \u00een Rovaniemi....","_links":{"self":[{"href":"https:\/\/traveltaleswithioana.com\/en\/wp-json\/wp\/v2\/pages\/2811","targetHints":{"allow":["GET"]}}],"collection":[{"href":"https:\/\/traveltaleswithioana.com\/en\/wp-json\/wp\/v2\/pages"}],"about":[{"href":"https:\/\/traveltaleswithioana.com\/en\/wp-json\/wp\/v2\/types\/page"}],"author":[{"embeddable":true,"href":"https:\/\/traveltaleswithioana.com\/en\/wp-json\/wp\/v2\/users\/1"}],"replies":[{"embeddable":true,"href":"https:\/\/traveltaleswithioana.com\/en\/wp-json\/wp\/v2\/comments?post=2811"}],"version-history":[{"count":4,"href":"https:\/\/traveltaleswithioana.com\/en\/wp-json\/wp\/v2\/pages\/2811\/revisions"}],"predecessor-version":[{"id":2998,"href":"https:\/\/traveltaleswithioana.com\/en\/wp-json\/wp\/v2\/pages\/2811\/revisions\/2998"}],"wp:attachment":[{"href":"https:\/\/traveltaleswithioana.com\/en\/wp-json\/wp\/v2\/media?parent=2811"}],"curies":[{"name":"wp","href":"https:\/\/api.w.org\/{rel}","templated":true}]}}