{"id":2796,"date":"2025-11-11T10:32:09","date_gmt":"2025-11-11T10:32:09","guid":{"rendered":"https:\/\/traveltaleswithioana.com\/?page_id=2796"},"modified":"2025-12-12T19:03:17","modified_gmt":"2025-12-12T19:03:17","slug":"south-korea","status":"publish","type":"page","link":"https:\/\/traveltaleswithioana.com\/en\/south-korea\/","title":{"rendered":"South Korea"},"content":{"rendered":"<style>.kb-row-layout-id2796_558972-2a > .kt-row-column-wrap{align-content:start;}:where(.kb-row-layout-id2796_558972-2a > .kt-row-column-wrap) > .wp-block-kadence-column{justify-content:start;}.kb-row-layout-id2796_558972-2a > .kt-row-column-wrap{column-gap:var(--global-kb-gap-md, 2rem);row-gap:var(--global-kb-gap-md, 2rem);padding-top:var(--global-kb-spacing-4xl, 8rem);padding-bottom:var(--global-kb-spacing-4xl, 8rem);grid-template-columns:minmax(0, 1fr);}.kb-row-layout-id2796_558972-2a{background-image:url('https:\/\/traveltaleswithioana.com\/wp-content\/uploads\/2025\/11\/20240428_103939.webp');background-size:cover;background-position:53% 48%;background-attachment:scroll;background-repeat:no-repeat;}.kb-row-layout-id2796_558972-2a > .kt-row-layout-overlay{opacity:0.45;}.kb-row-layout-id2796_558972-2a ,.kb-row-layout-id2796_558972-2a h1,.kb-row-layout-id2796_558972-2a h2,.kb-row-layout-id2796_558972-2a h3,.kb-row-layout-id2796_558972-2a h4,.kb-row-layout-id2796_558972-2a h5,.kb-row-layout-id2796_558972-2a h6{color:var(--global-palette9, #ffffff);}@media all and (max-width: 1024px){.kb-row-layout-id2796_558972-2a > .kt-row-column-wrap{grid-template-columns:minmax(0, 1fr);}}@media all and (max-width: 767px){.kb-row-layout-id2796_558972-2a > .kt-row-column-wrap{grid-template-columns:minmax(0, 1fr);}}<\/style><div class=\"kb-row-layout-wrap kb-row-layout-id2796_558972-2a alignnone kt-row-has-bg wp-block-kadence-rowlayout\"><div class=\"kt-row-column-wrap kt-has-1-columns kt-row-layout-equal kt-tab-layout-inherit kt-mobile-layout-row kt-row-valign-top\">\n<style>.kadence-column2796_76d75d-e4 > .kt-inside-inner-col,.kadence-column2796_76d75d-e4 > .kt-inside-inner-col:before{border-top-left-radius:0px;border-top-right-radius:0px;border-bottom-right-radius:0px;border-bottom-left-radius:0px;}.kadence-column2796_76d75d-e4 > .kt-inside-inner-col{column-gap:var(--global-kb-gap-sm, 1rem);}.kadence-column2796_76d75d-e4 > .kt-inside-inner-col{flex-direction:column;}.kadence-column2796_76d75d-e4 > .kt-inside-inner-col > .aligncenter{width:100%;}.kadence-column2796_76d75d-e4 > .kt-inside-inner-col:before{opacity:0.3;}.kadence-column2796_76d75d-e4{position:relative;}@media all and (max-width: 1024px){.kadence-column2796_76d75d-e4 > .kt-inside-inner-col{flex-direction:column;justify-content:center;}}@media all and (max-width: 767px){.kadence-column2796_76d75d-e4 > .kt-inside-inner-col{flex-direction:column;justify-content:center;}}<\/style>\n<div class=\"wp-block-kadence-column kadence-column2796_76d75d-e4\"><div class=\"kt-inside-inner-col\">\n<h2 class=\"wp-block-heading has-text-align-center\"><strong>WELCOME TO SOUTH KOREA!<\/strong><\/h2>\n<\/div><\/div>\n\n<\/div><\/div>\n\n\n<p><\/p>\n\n\n\n<p>O lume unde tradi\u021bia \u0219i modernul danseaz\u0103 \u00eentr-un echilibru perfect! Coreea de Sud este o experien\u021b\u0103 care te surprinde la fiecare col\u021b de strad\u0103. De la zg\u00e2rie-norii futuristici ai Seoulului \u0219i cartierele pline de via\u021b\u0103, p\u00e2n\u0103 la templele lini\u0219tite ascunse \u00een mun\u021bi \u0219i satele tradi\u021bionale care p\u0103streaz\u0103 farmecul unei lumi vechi, aceast\u0103 \u021bar\u0103 te cucere\u0219te instantaneu.<br><br>Aici vei vei g\u0103si articole care te poart\u0103 prin peisaje spectaculoase, re\u021bete autentice, ghiduri de c\u0103l\u0103torie, pove\u0219ti culturale \u0219i recomand\u0103ri pentru a surprinde esen\u021ba real\u0103 a Coreei de Sud. Fiecare articol este o invita\u021bie de a descoperi o fa\u021b\u0103 nou\u0103 a unei \u021b\u0103ri vibrante \u0219i fascinante.<\/p>\n\n\n<style>.wp-block-kadence-spacer.kt-block-spacer-2796_0a8083-81 .kt-block-spacer{height:59px;}.wp-block-kadence-spacer.kt-block-spacer-2796_0a8083-81 .kt-divider{border-top-width:1px;height:1px;border-top-color:#eee;width:80%;border-top-style:solid;}<\/style>\n<div class=\"wp-block-kadence-spacer aligncenter kt-block-spacer-2796_0a8083-81\"><div class=\"kt-block-spacer kt-block-spacer-halign-center\"><hr class=\"kt-divider\"\/><\/div><\/div>\n\n\n\n<h1 class=\"wp-block-heading has-text-align-center\">Have a look and get inspired! \ud83d\ude42<\/h1>\n\n\n<style>.kb-posts-id-2796_9d9ced-df .entry.loop-entry .entry-header .entry-title{font-size:var(--global-kb-font-size-md, 1.25rem);}.kb-posts-id-2796_9d9ced-df .loop-entry{background:transparent;box-shadow:none;}.kb-posts-id-2796_9d9ced-df .loop-entry > .entry-content-wrap{padding:0px;}.kb-posts-id-2796_9d9ced-df .loop-entry .post-thumbnail{margin-bottom:1em;}.kb-posts-id-2796_9d9ced-df .kb-post-list-item{display:grid;}<\/style><ul class=\"wp-block-kadence-posts kb-posts kadence-posts-list kb-posts-id-2796_9d9ced-df content-wrap grid-cols kb-posts-style-unboxed grid-sm-col-2 grid-lg-col-3 item-image-style-above\"><li class=\"kb-post-list-item\">\n\t<article class=\"entry content-bg loop-entry post-796 post type-post status-publish format-standard has-post-thumbnail hentry category-south-korea tag-asia tag-south-korea tag-tipstricks tag-travel-guide\">\n\t\t\t\t<a aria-hidden=\"true\" tabindex=\"-1\" role=\"presentation\" class=\"post-thumbnail kadence-thumbnail-ratio-2-3\" href=\"https:\/\/traveltaleswithioana.com\/en\/20-tips-for-south-korea\/\" aria-label=\"Check 20 essential tips for your first trip to South Korea\">\n\t\t\t<div class=\"post-thumbnail-inner\">\n\t\t\t\t<img decoding=\"async\" width=\"768\" height=\"922\" src=\"https:\/\/traveltaleswithioana.com\/wp-content\/uploads\/2024\/12\/IMG_2383-768x922.webp\" class=\"attachment-medium_large size-medium_large wp-post-image\" alt=\"Vezi 20 de sfaturi esen\u021biale pentru prima ta c\u0103l\u0103torie \u00een Coreea de Sud\" srcset=\"https:\/\/traveltaleswithioana.com\/wp-content\/uploads\/2024\/12\/IMG_2383-768x922.webp 768w, https:\/\/traveltaleswithioana.com\/wp-content\/uploads\/2024\/12\/IMG_2383-250x300.webp 250w, https:\/\/traveltaleswithioana.com\/wp-content\/uploads\/2024\/12\/IMG_2383-853x1024.webp 853w, https:\/\/traveltaleswithioana.com\/wp-content\/uploads\/2024\/12\/IMG_2383-1280x1536.webp 1280w, https:\/\/traveltaleswithioana.com\/wp-content\/uploads\/2024\/12\/IMG_2383-10x12.webp 10w, https:\/\/traveltaleswithioana.com\/wp-content\/uploads\/2024\/12\/IMG_2383.webp 1618w\" sizes=\"(max-width: 768px) 100vw, 768px\" \/>\t\t\t<\/div>\n\t\t<\/a><!-- .post-thumbnail -->\n\t\t\t\t<div class=\"entry-content-wrap\">\n\t\t\t<header class=\"entry-header\">\n\t\t<div class=\"entry-taxonomies\">\n\t\t<span class=\"category-links term-links category-style-pill\">\n\t\t\t<a href=\"https:\/\/traveltaleswithioana.com\/en\/category\/south-korea\/\" class=\"category-link-south-korea\" rel=\"tag\">South Korea<\/a>\t\t<\/span>\n\t<\/div><!-- .entry-taxonomies -->\n\t<h3 class=\"entry-title\"><a href=\"https:\/\/traveltaleswithioana.com\/en\/20-tips-for-south-korea\/\" rel=\"bookmark\">Check 20 essential tips for your first trip to South Korea<\/a><\/h3>\t<div class=\"entry-meta entry-meta-divider-dot\">\n\t\t\t\t<span class=\"posted-on\">\n\t\t\t\t<time class=\"entry-date published\" datetime=\"2024-12-09T16:31:07+00:00\">December 9, 2024<\/time><time class=\"updated\" datetime=\"2025-11-14T14:27:21+00:00\">November 14, 2025<\/time>\t\t\t<\/span>\n\t\t\t\t<\/div><!-- .entry-meta -->\n\t<\/header><!-- .entry-header -->\n\t<div class=\"entry-summary\">\n\t\t<p>Save this article for your next vacation to South Korea! Contains 20 essential tips from our vacation!<\/p>\n\t<\/div><!-- .entry-summary -->\n\t<footer class=\"entry-footer\">\n\t\t\t<div class=\"entry-actions\">\n\t\t\t<p class=\"more-link-wrap\">\n\t\t\t\t<a href=\"https:\/\/traveltaleswithioana.com\/en\/20-tips-for-south-korea\/\" class=\"post-more-link\">\n\t\t\t\t\tRead More<span class=\"screen-reader-text\"> Check 20 essential tips for your first trip to South Korea<\/span><span class=\"kadence-svg-iconset svg-baseline\"><svg aria-hidden=\"true\" class=\"kadence-svg-icon kadence-arrow-right-alt-svg\" fill=\"currentColor\" version=\"1.1\" xmlns=\"http:\/\/www.w3.org\/2000\/svg\" width=\"27\" height=\"28\" viewbox=\"0 0 27 28\"><title>Continue<\/title><path d=\"M27 13.953c0 0.141-0.063 0.281-0.156 0.375l-6 5.531c-0.156 0.141-0.359 0.172-0.547 0.094-0.172-0.078-0.297-0.25-0.297-0.453v-3.5h-19.5c-0.281 0-0.5-0.219-0.5-0.5v-3c0-0.281 0.219-0.5 0.5-0.5h19.5v-3.5c0-0.203 0.109-0.375 0.297-0.453s0.391-0.047 0.547 0.078l6 5.469c0.094 0.094 0.156 0.219 0.156 0.359v0z\"><\/path>\n\t\t\t<\/svg><\/span>\t\t\t\t<\/a>\n\t\t\t<\/p>\n\t\t<\/div><!-- .entry-actions -->\n\t\t<\/footer><!-- .entry-footer -->\t\t<\/div>\n\t<\/article>\n<\/li>\n<li class=\"kb-post-list-item\">\n\t<article class=\"entry content-bg loop-entry post-310 post type-post status-publish format-standard has-post-thumbnail hentry category-south-korea tag-asia tag-budism tag-south-korea tag-templestay\">\n\t\t\t\t<a aria-hidden=\"true\" tabindex=\"-1\" role=\"presentation\" class=\"post-thumbnail kadence-thumbnail-ratio-2-3\" href=\"https:\/\/traveltaleswithioana.com\/en\/discover-golgulsa-temple\/\" aria-label=\"Discover Golgulsa Temple: the experience of a  weekend spent there\">\n\t\t\t<div class=\"post-thumbnail-inner\">\n\t\t\t\t<img decoding=\"async\" width=\"768\" height=\"1024\" src=\"https:\/\/traveltaleswithioana.com\/wp-content\/uploads\/2024\/11\/IMG_2599-1-768x1024.webp\" class=\"attachment-medium_large size-medium_large wp-post-image\" alt=\"Descoper\u0103 Templul Golgulsa: experien\u021ba unui weekend petrecut acolo\" srcset=\"https:\/\/traveltaleswithioana.com\/wp-content\/uploads\/2024\/11\/IMG_2599-1-768x1024.webp 768w, https:\/\/traveltaleswithioana.com\/wp-content\/uploads\/2024\/11\/IMG_2599-1-225x300.webp 225w, https:\/\/traveltaleswithioana.com\/wp-content\/uploads\/2024\/11\/IMG_2599-1-1152x1536.webp 1152w, https:\/\/traveltaleswithioana.com\/wp-content\/uploads\/2024\/11\/IMG_2599-1-9x12.webp 9w, https:\/\/traveltaleswithioana.com\/wp-content\/uploads\/2024\/11\/IMG_2599-1.webp 1536w\" sizes=\"(max-width: 768px) 100vw, 768px\" \/>\t\t\t<\/div>\n\t\t<\/a><!-- .post-thumbnail -->\n\t\t\t\t<div class=\"entry-content-wrap\">\n\t\t\t<header class=\"entry-header\">\n\t\t<div class=\"entry-taxonomies\">\n\t\t<span class=\"category-links term-links category-style-pill\">\n\t\t\t<a href=\"https:\/\/traveltaleswithioana.com\/en\/category\/south-korea\/\" class=\"category-link-south-korea\" rel=\"tag\">South Korea<\/a>\t\t<\/span>\n\t<\/div><!-- .entry-taxonomies -->\n\t<h3 class=\"entry-title\"><a href=\"https:\/\/traveltaleswithioana.com\/en\/discover-golgulsa-temple\/\" rel=\"bookmark\">Discover Golgulsa Temple: the experience of a  weekend spent there<\/a><\/h3>\t<div class=\"entry-meta entry-meta-divider-dot\">\n\t\t\t\t<span class=\"posted-on\">\n\t\t\t\t<time class=\"entry-date published\" datetime=\"2024-11-13T17:50:16+00:00\">November 13, 2024<\/time><time class=\"updated\" datetime=\"2025-11-14T14:26:58+00:00\">November 14, 2025<\/time>\t\t\t<\/span>\n\t\t\t\t<\/div><!-- .entry-meta -->\n\t<\/header><!-- .entry-header -->\n\t<div class=\"entry-summary\">\n\t\t<p>If you're also curious about how Buddhist monks live in South Korea, then Golgulsa Temple is exactly the experience you're looking for! Read more if you want to get here too<\/p>\n\t<\/div><!-- .entry-summary -->\n\t<footer class=\"entry-footer\">\n\t\t\t<div class=\"entry-actions\">\n\t\t\t<p class=\"more-link-wrap\">\n\t\t\t\t<a href=\"https:\/\/traveltaleswithioana.com\/en\/discover-golgulsa-temple\/\" class=\"post-more-link\">\n\t\t\t\t\tRead More<span class=\"screen-reader-text\"> Discover Golgulsa Temple: the experience of a  weekend spent there<\/span><span class=\"kadence-svg-iconset svg-baseline\"><svg aria-hidden=\"true\" class=\"kadence-svg-icon kadence-arrow-right-alt-svg\" fill=\"currentColor\" version=\"1.1\" xmlns=\"http:\/\/www.w3.org\/2000\/svg\" width=\"27\" height=\"28\" viewbox=\"0 0 27 28\"><title>Continue<\/title><path d=\"M27 13.953c0 0.141-0.063 0.281-0.156 0.375l-6 5.531c-0.156 0.141-0.359 0.172-0.547 0.094-0.172-0.078-0.297-0.25-0.297-0.453v-3.5h-19.5c-0.281 0-0.5-0.219-0.5-0.5v-3c0-0.281 0.219-0.5 0.5-0.5h19.5v-3.5c0-0.203 0.109-0.375 0.297-0.453s0.391-0.047 0.547 0.078l6 5.469c0.094 0.094 0.156 0.219 0.156 0.359v0z\"><\/path>\n\t\t\t<\/svg><\/span>\t\t\t\t<\/a>\n\t\t\t<\/p>\n\t\t<\/div><!-- .entry-actions -->\n\t\t<\/footer><!-- .entry-footer -->\t\t<\/div>\n\t<\/article>\n<\/li>\n<\/ul>","protected":false},"excerpt":{"rendered":"<p>WELCOME TO SOUTH KOREA! O lume unde tradi\u021bia \u0219i modernul danseaz\u0103 \u00eentr-un echilibru perfect! Coreea de Sud este o experien\u021b\u0103 care te surprinde la fiecare col\u021b de strad\u0103. De la zg\u00e2rie-norii futuristici ai Seoulului \u0219i cartierele pline de via\u021b\u0103, p\u00e2n\u0103 la templele lini\u0219tite ascunse \u00een mun\u021bi \u0219i satele tradi\u021bionale care p\u0103streaz\u0103 farmecul unei lumi vechi,&#8230;<\/p>","protected":false},"author":1,"featured_media":0,"parent":0,"menu_order":0,"comment_status":"closed","ping_status":"closed","template":"","meta":{"_uag_custom_page_level_css":"","_monsterinsights_skip_tracking":false,"_monsterinsights_sitenote_active":false,"_monsterinsights_sitenote_note":"","_monsterinsights_sitenote_category":0,"_kadence_starter_templates_imported_post":false,"_kad_post_transparent":"","_kad_post_title":"","_kad_post_layout":"","_kad_post_sidebar_id":"","_kad_post_content_style":"","_kad_post_vertical_padding":"","_kad_post_feature":"","_kad_post_feature_position":"","_kad_post_header":false,"_kad_post_footer":false,"_kad_post_classname":"","footnotes":""},"class_list":["post-2796","page","type-page","status-publish","hentry"],"yoast_head":"<!-- This site is optimized with the Yoast SEO plugin v27.3 - https:\/\/yoast.com\/product\/yoast-seo-wordpress\/ -->\n<title>Coreea de Sud - Travel Tales with Ioana<\/title>\n<meta name=\"robots\" content=\"index, follow, max-snippet:-1, max-image-preview:large, max-video-preview:-1\" \/>\n<link rel=\"canonical\" href=\"https:\/\/traveltaleswithioana.com\/en\/south-korea\/\" \/>\n<meta property=\"og:locale\" content=\"en_US\" \/>\n<meta property=\"og:type\" content=\"article\" \/>\n<meta property=\"og:title\" content=\"Coreea de Sud - Travel Tales with Ioana\" \/>\n<meta property=\"og:description\" content=\"WELCOME TO SOUTH KOREA! O lume unde tradi\u021bia \u0219i modernul danseaz\u0103 \u00eentr-un echilibru perfect! Coreea de Sud este o experien\u021b\u0103 care te surprinde la fiecare col\u021b de strad\u0103. De la zg\u00e2rie-norii futuristici ai Seoulului \u0219i cartierele pline de via\u021b\u0103, p\u00e2n\u0103 la templele lini\u0219tite ascunse \u00een mun\u021bi \u0219i satele tradi\u021bionale care p\u0103streaz\u0103 farmecul unei lumi vechi,...\" \/>\n<meta property=\"og:url\" content=\"https:\/\/traveltaleswithioana.com\/en\/south-korea\/\" \/>\n<meta property=\"og:site_name\" content=\"Travel Tales with Ioana\" \/>\n<meta property=\"article:modified_time\" content=\"2025-12-12T19:03:17+00:00\" \/>\n<meta name=\"twitter:card\" content=\"summary_large_image\" \/>\n<meta name=\"twitter:label1\" content=\"Est. reading time\" \/>\n\t<meta name=\"twitter:data1\" content=\"1 minute\" \/>\n<script type=\"application\/ld+json\" class=\"yoast-schema-graph\">{\"@context\":\"https:\\\/\\\/schema.org\",\"@graph\":[{\"@type\":\"WebPage\",\"@id\":\"https:\\\/\\\/traveltaleswithioana.com\\\/south-korea\\\/\",\"url\":\"https:\\\/\\\/traveltaleswithioana.com\\\/south-korea\\\/\",\"name\":\"Coreea de Sud - Travel Tales with Ioana\",\"isPartOf\":{\"@id\":\"https:\\\/\\\/traveltaleswithioana.com\\\/#website\"},\"datePublished\":\"2025-11-11T10:32:09+00:00\",\"dateModified\":\"2025-12-12T19:03:17+00:00\",\"breadcrumb\":{\"@id\":\"https:\\\/\\\/traveltaleswithioana.com\\\/south-korea\\\/#breadcrumb\"},\"inLanguage\":\"en-US\",\"potentialAction\":[{\"@type\":\"ReadAction\",\"target\":[\"https:\\\/\\\/traveltaleswithioana.com\\\/south-korea\\\/\"]}]},{\"@type\":\"BreadcrumbList\",\"@id\":\"https:\\\/\\\/traveltaleswithioana.com\\\/south-korea\\\/#breadcrumb\",\"itemListElement\":[{\"@type\":\"ListItem\",\"position\":1,\"name\":\"Home\",\"item\":\"https:\\\/\\\/traveltaleswithioana.com\\\/\"},{\"@type\":\"ListItem\",\"position\":2,\"name\":\"Coreea de Sud\"}]},{\"@type\":\"WebSite\",\"@id\":\"https:\\\/\\\/traveltaleswithioana.com\\\/#website\",\"url\":\"https:\\\/\\\/traveltaleswithioana.com\\\/\",\"name\":\"Travel Tales with Ioana\",\"description\":\"\",\"publisher\":{\"@id\":\"https:\\\/\\\/traveltaleswithioana.com\\\/#organization\"},\"potentialAction\":[{\"@type\":\"SearchAction\",\"target\":{\"@type\":\"EntryPoint\",\"urlTemplate\":\"https:\\\/\\\/traveltaleswithioana.com\\\/?s={search_term_string}\"},\"query-input\":{\"@type\":\"PropertyValueSpecification\",\"valueRequired\":true,\"valueName\":\"search_term_string\"}}],\"inLanguage\":\"en-US\"},{\"@type\":\"Organization\",\"@id\":\"https:\\\/\\\/traveltaleswithioana.com\\\/#organization\",\"name\":\"Travel Tales with Ioana\",\"url\":\"https:\\\/\\\/traveltaleswithioana.com\\\/\",\"logo\":{\"@type\":\"ImageObject\",\"inLanguage\":\"en-US\",\"@id\":\"https:\\\/\\\/traveltaleswithioana.com\\\/#\\\/schema\\\/logo\\\/image\\\/\",\"url\":\"https:\\\/\\\/traveltaleswithioana.com\\\/wp-content\\\/uploads\\\/2024\\\/11\\\/logo_mai_bun-removebg-preview.png\",\"contentUrl\":\"https:\\\/\\\/traveltaleswithioana.com\\\/wp-content\\\/uploads\\\/2024\\\/11\\\/logo_mai_bun-removebg-preview.png\",\"width\":500,\"height\":100,\"caption\":\"Travel Tales with Ioana\"},\"image\":{\"@id\":\"https:\\\/\\\/traveltaleswithioana.com\\\/#\\\/schema\\\/logo\\\/image\\\/\"}}]}<\/script>\n<!-- \/ Yoast SEO plugin. -->","yoast_head_json":{"title":"Coreea de Sud - Travel Tales with Ioana","robots":{"index":"index","follow":"follow","max-snippet":"max-snippet:-1","max-image-preview":"max-image-preview:large","max-video-preview":"max-video-preview:-1"},"canonical":"https:\/\/traveltaleswithioana.com\/en\/south-korea\/","og_locale":"en_US","og_type":"article","og_title":"Coreea de Sud - Travel Tales with Ioana","og_description":"WELCOME TO SOUTH KOREA! O lume unde tradi\u021bia \u0219i modernul danseaz\u0103 \u00eentr-un echilibru perfect! Coreea de Sud este o experien\u021b\u0103 care te surprinde la fiecare col\u021b de strad\u0103. De la zg\u00e2rie-norii futuristici ai Seoulului \u0219i cartierele pline de via\u021b\u0103, p\u00e2n\u0103 la templele lini\u0219tite ascunse \u00een mun\u021bi \u0219i satele tradi\u021bionale care p\u0103streaz\u0103 farmecul unei lumi vechi,...","og_url":"https:\/\/traveltaleswithioana.com\/en\/south-korea\/","og_site_name":"Travel Tales with Ioana","article_modified_time":"2025-12-12T19:03:17+00:00","twitter_card":"summary_large_image","twitter_misc":{"Est. reading time":"1 minute"},"schema":{"@context":"https:\/\/schema.org","@graph":[{"@type":"WebPage","@id":"https:\/\/traveltaleswithioana.com\/south-korea\/","url":"https:\/\/traveltaleswithioana.com\/south-korea\/","name":"Coreea de Sud - Travel Tales with Ioana","isPartOf":{"@id":"https:\/\/traveltaleswithioana.com\/#website"},"datePublished":"2025-11-11T10:32:09+00:00","dateModified":"2025-12-12T19:03:17+00:00","breadcrumb":{"@id":"https:\/\/traveltaleswithioana.com\/south-korea\/#breadcrumb"},"inLanguage":"en-US","potentialAction":[{"@type":"ReadAction","target":["https:\/\/traveltaleswithioana.com\/south-korea\/"]}]},{"@type":"BreadcrumbList","@id":"https:\/\/traveltaleswithioana.com\/south-korea\/#breadcrumb","itemListElement":[{"@type":"ListItem","position":1,"name":"Home","item":"https:\/\/traveltaleswithioana.com\/"},{"@type":"ListItem","position":2,"name":"Coreea de Sud"}]},{"@type":"WebSite","@id":"https:\/\/traveltaleswithioana.com\/#website","url":"https:\/\/traveltaleswithioana.com\/","name":"Travel Tales with Ioana","description":"","publisher":{"@id":"https:\/\/traveltaleswithioana.com\/#organization"},"potentialAction":[{"@type":"SearchAction","target":{"@type":"EntryPoint","urlTemplate":"https:\/\/traveltaleswithioana.com\/?s={search_term_string}"},"query-input":{"@type":"PropertyValueSpecification","valueRequired":true,"valueName":"search_term_string"}}],"inLanguage":"en-US"},{"@type":"Organization","@id":"https:\/\/traveltaleswithioana.com\/#organization","name":"Travel Tales with Ioana","url":"https:\/\/traveltaleswithioana.com\/","logo":{"@type":"ImageObject","inLanguage":"en-US","@id":"https:\/\/traveltaleswithioana.com\/#\/schema\/logo\/image\/","url":"https:\/\/traveltaleswithioana.com\/wp-content\/uploads\/2024\/11\/logo_mai_bun-removebg-preview.png","contentUrl":"https:\/\/traveltaleswithioana.com\/wp-content\/uploads\/2024\/11\/logo_mai_bun-removebg-preview.png","width":500,"height":100,"caption":"Travel Tales with Ioana"},"image":{"@id":"https:\/\/traveltaleswithioana.com\/#\/schema\/logo\/image\/"}}]}},"uagb_featured_image_src":{"full":false,"thumbnail":false,"medium":false,"medium_large":false,"large":false,"1536x1536":false,"2048x2048":false,"trp-custom-language-flag":false},"uagb_author_info":{"display_name":"ioana.ferdoschi","author_link":"https:\/\/traveltaleswithioana.com\/en\/author\/ioana-ferdoschi\/"},"uagb_comment_info":0,"uagb_excerpt":"WELCOME TO SOUTH KOREA! O lume unde tradi\u021bia \u0219i modernul danseaz\u0103 \u00eentr-un echilibru perfect! Coreea de Sud este o experien\u021b\u0103 care te surprinde la fiecare col\u021b de strad\u0103. De la zg\u00e2rie-norii futuristici ai Seoulului \u0219i cartierele pline de via\u021b\u0103, p\u00e2n\u0103 la templele lini\u0219tite ascunse \u00een mun\u021bi \u0219i satele tradi\u021bionale care p\u0103streaz\u0103 farmecul unei lumi vechi,...","_links":{"self":[{"href":"https:\/\/traveltaleswithioana.com\/en\/wp-json\/wp\/v2\/pages\/2796","targetHints":{"allow":["GET"]}}],"collection":[{"href":"https:\/\/traveltaleswithioana.com\/en\/wp-json\/wp\/v2\/pages"}],"about":[{"href":"https:\/\/traveltaleswithioana.com\/en\/wp-json\/wp\/v2\/types\/page"}],"author":[{"embeddable":true,"href":"https:\/\/traveltaleswithioana.com\/en\/wp-json\/wp\/v2\/users\/1"}],"replies":[{"embeddable":true,"href":"https:\/\/traveltaleswithioana.com\/en\/wp-json\/wp\/v2\/comments?post=2796"}],"version-history":[{"count":8,"href":"https:\/\/traveltaleswithioana.com\/en\/wp-json\/wp\/v2\/pages\/2796\/revisions"}],"predecessor-version":[{"id":3214,"href":"https:\/\/traveltaleswithioana.com\/en\/wp-json\/wp\/v2\/pages\/2796\/revisions\/3214"}],"wp:attachment":[{"href":"https:\/\/traveltaleswithioana.com\/en\/wp-json\/wp\/v2\/media?parent=2796"}],"curies":[{"name":"wp","href":"https:\/\/api.w.org\/{rel}","templated":true}]}}