{"id":2389,"date":"2025-07-18T14:45:53","date_gmt":"2025-07-18T14:45:53","guid":{"rendered":"https:\/\/traveltaleswithioana.com\/?page_id=2389"},"modified":"2025-07-23T16:50:05","modified_gmt":"2025-07-23T16:50:05","slug":"explore-romania-2","status":"publish","type":"page","link":"https:\/\/traveltaleswithioana.com\/en\/explore-romania-2\/","title":{"rendered":"Explore Romania"},"content":{"rendered":"<p>Welcome to <strong>Romania<\/strong>! <br><br>Although I love traveling all over the world, this passion started at home, following various road trips through Romania since I was a child. Today, I'm still discovering my country and I urge you to do the same because it is truly beautiful!<br><br>This section of the blog is dedicated to discover an authentic Romania, beyond the classic tourist routes. Here you'll find stories of spectacular mountain hikes, nights camping under the stars and fairytale accommodation - from rustic cabins to carefully refurbished traditional houses. If you want to explore Romania...differently, with an open heart and a curiosity big enough to fit into a backpack, then you've come to the right place!<\/p>\n\n\n<style>.wp-block-kadence-spacer.kt-block-spacer-2389_81eaa7-9f .kt-block-spacer{height:129px;}.wp-block-kadence-spacer.kt-block-spacer-2389_81eaa7-9f .kt-divider{border-top-width:1px;height:1px;border-top-color:#eee;width:80%;border-top-style:solid;}<\/style>\n<div class=\"wp-block-kadence-spacer aligncenter kt-block-spacer-2389_81eaa7-9f\"><div class=\"kt-block-spacer kt-block-spacer-halign-center\"><hr class=\"kt-divider\"\/><\/div><\/div>\n\n\n\n<h2 class=\"wp-block-heading has-text-align-center\">Have a look and get inspired! \ud83d\ude42<\/h2>\n\n\n\n<p><\/p>\n\n\n\n\t\t\t<div class=\"wp-block-uagb-post-grid uagb-post-grid  uagb-post__image-position-background uagb-post__image-enabled uagb-block-8882b9cb     uagb-post__items uagb-post__columns-2 is-grid uagb-post__columns-tablet-2 uagb-post__columns-mobile-1 uagb-post__equal-height\" data-total=\"3\" style=\"\">\n\n\t\t\t\t\t\t\t\t\t\t\t\t<article class=\"uagb-post__inner-wrap\">\t\t\t\t\t\t\t\t<div class='uagb-post__image'>\n\t\t\t\t\t\t\t\t\t<a href=\"https:\/\/traveltaleswithioana.com\/en\/hikes-in-may-for-wild-peonies\/\" target=\"_self\" rel=\"bookmark noopener noreferrer\"><img decoding=\"async\" width=\"1024\" height=\"768\" src=\"https:\/\/traveltaleswithioana.com\/wp-content\/uploads\/2025\/05\/IMG_20220514_135512-1024x768.webp\" class=\"attachment-large size-large\" alt=\"\" srcset=\"https:\/\/traveltaleswithioana.com\/wp-content\/uploads\/2025\/05\/IMG_20220514_135512-1024x768.webp 1024w, https:\/\/traveltaleswithioana.com\/wp-content\/uploads\/2025\/05\/IMG_20220514_135512-300x225.webp 300w, https:\/\/traveltaleswithioana.com\/wp-content\/uploads\/2025\/05\/IMG_20220514_135512-768x576.webp 768w, https:\/\/traveltaleswithioana.com\/wp-content\/uploads\/2025\/05\/IMG_20220514_135512-1536x1152.webp 1536w, https:\/\/traveltaleswithioana.com\/wp-content\/uploads\/2025\/05\/IMG_20220514_135512-16x12.webp 16w, https:\/\/traveltaleswithioana.com\/wp-content\/uploads\/2025\/05\/IMG_20220514_135512.webp 1920w\" sizes=\"(max-width: 1024px) 100vw, 1024px\" \/>\t\t\t\t\t<\/a>\n\t\t\t\t\t\t\t\t\t<\/div>\n\t\t\t<div class=\"uag-post-grid-wrapper\">\t\t\t<h2 class=\"uagb-post__title uagb-post__text\">\n\t\t\t\t<a href=\"https:\/\/traveltaleswithioana.com\/en\/hikes-in-may-for-wild-peonies\/\" target=\"_self\" rel=\"bookmark noopener noreferrer\">May - the month of the wild peonies of M\u0103cin: a nice escape to nature<\/a>\n\t\t\t<\/h2>\n\t\t\t\t\t\t<div class='uagb-post__text uagb-post-grid-byline'>\n\t\t\t\t\t\t\t\t<time datetime=\"2025-05-02T10:49:32+00:00\" class=\"uagb-post__date\">\n\t\t\t\t<span class=\"dashicons-calendar dashicons\"><\/span>\t\t\t\t\tMay 2, 2025\t\t\t\t<\/time>\n\t\t\t\t\t\t<\/div>\n\t\t\t\t\t\t\t<div class='uagb-post__text uagb-post__excerpt'>\n\t\t\t\t\tExplore the M\u0103cin Mountains in May, when the wild peonies bloom spectacularly, offering a unique hiking and authentic nature experience.\t\t\t\t<\/div>\n\t\t\t\t\t\t<div class=\"uagb-post__text uagb-post__cta wp-block-button\">\n\t\t\t\t<a class=\"wp-block-button__link uagb-text-link\" style=\"\" href=\"https:\/\/traveltaleswithioana.com\/en\/hikes-in-may-for-wild-peonies\/\" target=\"_self\" rel=\"bookmark noopener noreferrer\">Read More<\/a>\n\t\t\t<\/div>\n\t\t\t<\/div>\n\t\t\t\t\t\t\t\t\t<\/article>\n\t\t\t\t\t\t\t\t\t\t\t\t\t\t\t\t<article class=\"uagb-post__inner-wrap\">\t\t\t\t\t\t\t\t<div class='uagb-post__image'>\n\t\t\t\t\t\t\t\t\t<a href=\"https:\/\/traveltaleswithioana.com\/en\/camping-through-romania\/\" target=\"_self\" rel=\"bookmark noopener noreferrer\"><img decoding=\"async\" width=\"1024\" height=\"768\" src=\"https:\/\/traveltaleswithioana.com\/wp-content\/uploads\/2024\/12\/IMG_20220726_084713-1024x768.webp\" class=\"attachment-large size-large\" alt=\"\" srcset=\"https:\/\/traveltaleswithioana.com\/wp-content\/uploads\/2024\/12\/IMG_20220726_084713-1024x768.webp 1024w, https:\/\/traveltaleswithioana.com\/wp-content\/uploads\/2024\/12\/IMG_20220726_084713-300x225.webp 300w, https:\/\/traveltaleswithioana.com\/wp-content\/uploads\/2024\/12\/IMG_20220726_084713-768x576.webp 768w, https:\/\/traveltaleswithioana.com\/wp-content\/uploads\/2024\/12\/IMG_20220726_084713-1536x1152.webp 1536w, https:\/\/traveltaleswithioana.com\/wp-content\/uploads\/2024\/12\/IMG_20220726_084713-16x12.webp 16w, https:\/\/traveltaleswithioana.com\/wp-content\/uploads\/2024\/12\/IMG_20220726_084713.webp 1920w\" sizes=\"(max-width: 1024px) 100vw, 1024px\" \/>\t\t\t\t\t<\/a>\n\t\t\t\t\t\t\t\t\t<\/div>\n\t\t\t<div class=\"uag-post-grid-wrapper\">\t\t\t<h2 class=\"uagb-post__title uagb-post__text\">\n\t\t\t\t<a href=\"https:\/\/traveltaleswithioana.com\/en\/camping-through-romania\/\" target=\"_self\" rel=\"bookmark noopener noreferrer\">Camping through fabulous Romania: 6 days of adventure!<\/a>\n\t\t\t<\/h2>\n\t\t\t\t\t\t<div class='uagb-post__text uagb-post-grid-byline'>\n\t\t\t\t\t\t\t\t<time datetime=\"2024-12-19T15:23:36+00:00\" class=\"uagb-post__date\">\n\t\t\t\t<span class=\"dashicons-calendar dashicons\"><\/span>\t\t\t\t\tDecember 19, 2024\t\t\t\t<\/time>\n\t\t\t\t\t\t<\/div>\n\t\t\t\t\t\t\t<div class='uagb-post__text uagb-post__excerpt'>\n\t\t\t\t\tO s\u0103pt\u0103m\u00e2n\u0103 de neuitat cu cortul \u00een Rom\u00e2nia: descoper\u0103 peisaje spectaculoase, mun\u021bi, lacuri \u0219i campinguri \u00een natur\u0103. Ghid complet pentru&#8230;\t\t\t\t<\/div>\n\t\t\t\t\t\t<div class=\"uagb-post__text uagb-post__cta wp-block-button\">\n\t\t\t\t<a class=\"wp-block-button__link uagb-text-link\" style=\"\" href=\"https:\/\/traveltaleswithioana.com\/en\/camping-through-romania\/\" target=\"_self\" rel=\"bookmark noopener noreferrer\">Read More<\/a>\n\t\t\t<\/div>\n\t\t\t<\/div>\n\t\t\t\t\t\t\t\t\t<\/article>\n\t\t\t\t\t\t\t\t\t\t\t\t\t\t\t\t<article class=\"uagb-post__inner-wrap\">\t\t\t\t\t\t\t\t<div class='uagb-post__image'>\n\t\t\t\t\t\t\t\t\t<a href=\"https:\/\/traveltaleswithioana.com\/en\/ciucas-mountains-hiking-winter-summer\/\" target=\"_self\" rel=\"bookmark noopener noreferrer\"><img decoding=\"async\" width=\"1024\" height=\"768\" src=\"https:\/\/traveltaleswithioana.com\/wp-content\/uploads\/2025\/04\/IMG_5826-1024x768.webp\" class=\"attachment-large size-large\" alt=\"\" srcset=\"https:\/\/traveltaleswithioana.com\/wp-content\/uploads\/2025\/04\/IMG_5826-1024x768.webp 1024w, https:\/\/traveltaleswithioana.com\/wp-content\/uploads\/2025\/04\/IMG_5826-300x225.webp 300w, https:\/\/traveltaleswithioana.com\/wp-content\/uploads\/2025\/04\/IMG_5826-768x576.webp 768w, https:\/\/traveltaleswithioana.com\/wp-content\/uploads\/2025\/04\/IMG_5826-1536x1152.webp 1536w, https:\/\/traveltaleswithioana.com\/wp-content\/uploads\/2025\/04\/IMG_5826-16x12.webp 16w, https:\/\/traveltaleswithioana.com\/wp-content\/uploads\/2025\/04\/IMG_5826.webp 1920w\" sizes=\"(max-width: 1024px) 100vw, 1024px\" \/>\t\t\t\t\t<\/a>\n\t\t\t\t\t\t\t\t\t<\/div>\n\t\t\t<div class=\"uag-post-grid-wrapper\">\t\t\t<h2 class=\"uagb-post__title uagb-post__text\">\n\t\t\t\t<a href=\"https:\/\/traveltaleswithioana.com\/en\/ciucas-mountains-hiking-winter-summer\/\" target=\"_self\" rel=\"bookmark noopener noreferrer\">Ciuca\u0219 Peak \u2013 a dreamy hike, no matter the season<\/a>\n\t\t\t<\/h2>\n\t\t\t\t\t\t<div class='uagb-post__text uagb-post-grid-byline'>\n\t\t\t\t\t\t\t\t<time datetime=\"2025-04-22T12:16:14+00:00\" class=\"uagb-post__date\">\n\t\t\t\t<span class=\"dashicons-calendar dashicons\"><\/span>\t\t\t\t\tApril 22, 2025\t\t\t\t<\/time>\n\t\t\t\t\t\t<\/div>\n\t\t\t\t\t\t\t<div class='uagb-post__text uagb-post__excerpt'>\n\t\t\t\t\tCiuca\u0219 Peak trail: map, duration, access, when the rhododendrons bloom and what equipment you need in winter. Complete hiking guide.\t\t\t\t<\/div>\n\t\t\t\t\t\t<div class=\"uagb-post__text uagb-post__cta wp-block-button\">\n\t\t\t\t<a class=\"wp-block-button__link uagb-text-link\" style=\"\" href=\"https:\/\/traveltaleswithioana.com\/en\/ciucas-mountains-hiking-winter-summer\/\" target=\"_self\" rel=\"bookmark noopener noreferrer\">Read More<\/a>\n\t\t\t<\/div>\n\t\t\t<\/div>\n\t\t\t\t\t\t\t\t\t<\/article>\n\t\t\t\t\t\t\t\t\t\t\t\t\t\t\t\t<article class=\"uagb-post__inner-wrap\">\t\t\t\t\t\t\t\t<div class='uagb-post__image'>\n\t\t\t\t\t\t\t\t\t<a href=\"https:\/\/traveltaleswithioana.com\/en\/casa-cu-lavanda-muntii-parang\/\" target=\"_self\" rel=\"bookmark noopener noreferrer\"><img decoding=\"async\" width=\"1024\" height=\"768\" src=\"https:\/\/traveltaleswithioana.com\/wp-content\/uploads\/2025\/12\/IMG_2760-1024x768.webp\" class=\"attachment-large size-large\" alt=\"\" srcset=\"https:\/\/traveltaleswithioana.com\/wp-content\/uploads\/2025\/12\/IMG_2760-1024x768.webp 1024w, https:\/\/traveltaleswithioana.com\/wp-content\/uploads\/2025\/12\/IMG_2760-300x225.webp 300w, https:\/\/traveltaleswithioana.com\/wp-content\/uploads\/2025\/12\/IMG_2760-768x576.webp 768w, https:\/\/traveltaleswithioana.com\/wp-content\/uploads\/2025\/12\/IMG_2760-1536x1152.webp 1536w, https:\/\/traveltaleswithioana.com\/wp-content\/uploads\/2025\/12\/IMG_2760-16x12.webp 16w, https:\/\/traveltaleswithioana.com\/wp-content\/uploads\/2025\/12\/IMG_2760.webp 2048w\" sizes=\"(max-width: 1024px) 100vw, 1024px\" \/>\t\t\t\t\t<\/a>\n\t\t\t\t\t\t\t\t\t<\/div>\n\t\t\t<div class=\"uag-post-grid-wrapper\">\t\t\t<h2 class=\"uagb-post__title uagb-post__text\">\n\t\t\t\t<a href=\"https:\/\/traveltaleswithioana.com\/en\/casa-cu-lavanda-muntii-parang\/\" target=\"_self\" rel=\"bookmark noopener noreferrer\">Casa cu Lavand\u0103 \u2013 your oasis of peace in the Par\u00e2ng Mountains!<\/a>\n\t\t\t<\/h2>\n\t\t\t\t\t\t<div class='uagb-post__text uagb-post-grid-byline'>\n\t\t\t\t\t\t\t\t<time datetime=\"2025-12-02T16:46:44+00:00\" class=\"uagb-post__date\">\n\t\t\t\t<span class=\"dashicons-calendar dashicons\"><\/span>\t\t\t\t\tDecember 2, 2025\t\t\t\t<\/time>\n\t\t\t\t\t\t<\/div>\n\t\t\t\t\t\t\t<div class='uagb-post__text uagb-post__excerpt'>\n\t\t\t\t\tAn oasis of tranquility, nature, and authenticity in the Par\u00e2ng Mountains \u2013 this is how Casa cu Lavand\u0103 in Petro\u0219ani would be described.\t\t\t\t<\/div>\n\t\t\t\t\t\t<div class=\"uagb-post__text uagb-post__cta wp-block-button\">\n\t\t\t\t<a class=\"wp-block-button__link uagb-text-link\" style=\"\" href=\"https:\/\/traveltaleswithioana.com\/en\/casa-cu-lavanda-muntii-parang\/\" target=\"_self\" rel=\"bookmark noopener noreferrer\">Read More<\/a>\n\t\t\t<\/div>\n\t\t\t<\/div>\n\t\t\t\t\t\t\t\t\t<\/article>\n\t\t\t\t\t\t\t\t\t\t\t<\/div>","protected":false},"excerpt":{"rendered":"<p>Bine ai venit \u00een Rom\u00e2nia! De\u0219i ador s\u0103 c\u0103l\u0103toresc peste tot prin lume, aceast\u0103 pasiune a \u00eenceput acas\u0103, urm\u00e2nd diverse road trip-uri prin Rom\u00e2nia \u00eenc\u0103 de c\u00e2nd eram copil. Azi, \u00eenc\u0103 \u00eemi descop\u0103r \u021bara \u0219i te \u00eendemn \u0219i pe tine s\u0103 faci la fel pentru c\u0103 este cu adev\u0103rat superb\u0103! Aceast\u0103 sec\u021biune din blog este&#8230;<\/p>","protected":false},"author":1,"featured_media":2463,"parent":0,"menu_order":0,"comment_status":"closed","ping_status":"closed","template":"","meta":{"_uag_custom_page_level_css":"","_monsterinsights_skip_tracking":false,"_monsterinsights_sitenote_active":false,"_monsterinsights_sitenote_note":"","_monsterinsights_sitenote_category":0,"_kadence_starter_templates_imported_post":false,"_kad_post_transparent":"","_kad_post_title":"","_kad_post_layout":"","_kad_post_sidebar_id":"","_kad_post_content_style":"","_kad_post_vertical_padding":"","_kad_post_feature":"","_kad_post_feature_position":"","_kad_post_header":false,"_kad_post_footer":false,"_kad_post_classname":"","footnotes":""},"class_list":["post-2389","page","type-page","status-publish","has-post-thumbnail","hentry"],"yoast_head":"<!-- This site is optimized with the Yoast SEO plugin v27.3 - https:\/\/yoast.com\/product\/yoast-seo-wordpress\/ -->\n<title>Exploreaz\u0103 Rom\u00e2nia - Travel Tales with Ioana<\/title>\n<meta name=\"description\" content=\"Descoper\u0103 Rom\u00e2nia prin drume\u021bii, cort, cazare autentic\u0103 \u0219i m\u00e2ncare local\u0103 \u2013 aventur\u0103, natur\u0103 \u0219i tradi\u021bie \u00een fiecare col\u021b de \u021bar\u0103.\" \/>\n<meta name=\"robots\" content=\"index, follow, max-snippet:-1, max-image-preview:large, max-video-preview:-1\" \/>\n<link rel=\"canonical\" href=\"https:\/\/traveltaleswithioana.com\/en\/explore-romania-2\/\" \/>\n<meta property=\"og:locale\" content=\"en_US\" \/>\n<meta property=\"og:type\" content=\"article\" \/>\n<meta property=\"og:title\" content=\"Exploreaz\u0103 Rom\u00e2nia - Travel Tales with Ioana\" \/>\n<meta property=\"og:description\" content=\"Descoper\u0103 Rom\u00e2nia prin drume\u021bii, cort, cazare autentic\u0103 \u0219i m\u00e2ncare local\u0103 \u2013 aventur\u0103, natur\u0103 \u0219i tradi\u021bie \u00een fiecare col\u021b de \u021bar\u0103.\" \/>\n<meta property=\"og:url\" content=\"https:\/\/traveltaleswithioana.com\/en\/explore-romania-2\/\" \/>\n<meta property=\"og:site_name\" content=\"Travel Tales with Ioana\" \/>\n<meta property=\"article:modified_time\" content=\"2025-07-23T16:50:05+00:00\" \/>\n<meta property=\"og:image\" content=\"https:\/\/traveltaleswithioana.com\/wp-content\/uploads\/2025\/07\/romania.jpg\" \/>\n\t<meta property=\"og:image:width\" content=\"1920\" \/>\n\t<meta property=\"og:image:height\" content=\"1357\" \/>\n\t<meta property=\"og:image:type\" content=\"image\/jpeg\" \/>\n<meta name=\"twitter:card\" content=\"summary_large_image\" \/>\n<meta name=\"twitter:label1\" content=\"Est. reading time\" \/>\n\t<meta name=\"twitter:data1\" content=\"1 minute\" \/>\n<script type=\"application\/ld+json\" class=\"yoast-schema-graph\">{\"@context\":\"https:\\\/\\\/schema.org\",\"@graph\":[{\"@type\":\"WebPage\",\"@id\":\"https:\\\/\\\/traveltaleswithioana.com\\\/explore-romania-2\\\/\",\"url\":\"https:\\\/\\\/traveltaleswithioana.com\\\/explore-romania-2\\\/\",\"name\":\"Exploreaz\u0103 Rom\u00e2nia - Travel Tales with Ioana\",\"isPartOf\":{\"@id\":\"https:\\\/\\\/traveltaleswithioana.com\\\/#website\"},\"primaryImageOfPage\":{\"@id\":\"https:\\\/\\\/traveltaleswithioana.com\\\/explore-romania-2\\\/#primaryimage\"},\"image\":{\"@id\":\"https:\\\/\\\/traveltaleswithioana.com\\\/explore-romania-2\\\/#primaryimage\"},\"thumbnailUrl\":\"https:\\\/\\\/traveltaleswithioana.com\\\/wp-content\\\/uploads\\\/2025\\\/07\\\/romania.jpg\",\"datePublished\":\"2025-07-18T14:45:53+00:00\",\"dateModified\":\"2025-07-23T16:50:05+00:00\",\"description\":\"Descoper\u0103 Rom\u00e2nia prin drume\u021bii, cort, cazare autentic\u0103 \u0219i m\u00e2ncare local\u0103 \u2013 aventur\u0103, natur\u0103 \u0219i tradi\u021bie \u00een fiecare col\u021b de \u021bar\u0103.\",\"breadcrumb\":{\"@id\":\"https:\\\/\\\/traveltaleswithioana.com\\\/explore-romania-2\\\/#breadcrumb\"},\"inLanguage\":\"en-US\",\"potentialAction\":[{\"@type\":\"ReadAction\",\"target\":[\"https:\\\/\\\/traveltaleswithioana.com\\\/explore-romania-2\\\/\"]}]},{\"@type\":\"ImageObject\",\"inLanguage\":\"en-US\",\"@id\":\"https:\\\/\\\/traveltaleswithioana.com\\\/explore-romania-2\\\/#primaryimage\",\"url\":\"https:\\\/\\\/traveltaleswithioana.com\\\/wp-content\\\/uploads\\\/2025\\\/07\\\/romania.jpg\",\"contentUrl\":\"https:\\\/\\\/traveltaleswithioana.com\\\/wp-content\\\/uploads\\\/2025\\\/07\\\/romania.jpg\",\"width\":1920,\"height\":1357},{\"@type\":\"BreadcrumbList\",\"@id\":\"https:\\\/\\\/traveltaleswithioana.com\\\/explore-romania-2\\\/#breadcrumb\",\"itemListElement\":[{\"@type\":\"ListItem\",\"position\":1,\"name\":\"Home\",\"item\":\"https:\\\/\\\/traveltaleswithioana.com\\\/\"},{\"@type\":\"ListItem\",\"position\":2,\"name\":\"Exploreaz\u0103 Rom\u00e2nia\"}]},{\"@type\":\"WebSite\",\"@id\":\"https:\\\/\\\/traveltaleswithioana.com\\\/#website\",\"url\":\"https:\\\/\\\/traveltaleswithioana.com\\\/\",\"name\":\"Travel Tales with Ioana\",\"description\":\"\",\"publisher\":{\"@id\":\"https:\\\/\\\/traveltaleswithioana.com\\\/#organization\"},\"potentialAction\":[{\"@type\":\"SearchAction\",\"target\":{\"@type\":\"EntryPoint\",\"urlTemplate\":\"https:\\\/\\\/traveltaleswithioana.com\\\/?s={search_term_string}\"},\"query-input\":{\"@type\":\"PropertyValueSpecification\",\"valueRequired\":true,\"valueName\":\"search_term_string\"}}],\"inLanguage\":\"en-US\"},{\"@type\":\"Organization\",\"@id\":\"https:\\\/\\\/traveltaleswithioana.com\\\/#organization\",\"name\":\"Travel Tales with Ioana\",\"url\":\"https:\\\/\\\/traveltaleswithioana.com\\\/\",\"logo\":{\"@type\":\"ImageObject\",\"inLanguage\":\"en-US\",\"@id\":\"https:\\\/\\\/traveltaleswithioana.com\\\/#\\\/schema\\\/logo\\\/image\\\/\",\"url\":\"https:\\\/\\\/traveltaleswithioana.com\\\/wp-content\\\/uploads\\\/2024\\\/11\\\/logo_mai_bun-removebg-preview.png\",\"contentUrl\":\"https:\\\/\\\/traveltaleswithioana.com\\\/wp-content\\\/uploads\\\/2024\\\/11\\\/logo_mai_bun-removebg-preview.png\",\"width\":500,\"height\":100,\"caption\":\"Travel Tales with Ioana\"},\"image\":{\"@id\":\"https:\\\/\\\/traveltaleswithioana.com\\\/#\\\/schema\\\/logo\\\/image\\\/\"}}]}<\/script>\n<!-- \/ Yoast SEO plugin. -->","yoast_head_json":{"title":"Exploreaz\u0103 Rom\u00e2nia - Travel Tales with Ioana","description":"Descoper\u0103 Rom\u00e2nia prin drume\u021bii, cort, cazare autentic\u0103 \u0219i m\u00e2ncare local\u0103 \u2013 aventur\u0103, natur\u0103 \u0219i tradi\u021bie \u00een fiecare col\u021b de \u021bar\u0103.","robots":{"index":"index","follow":"follow","max-snippet":"max-snippet:-1","max-image-preview":"max-image-preview:large","max-video-preview":"max-video-preview:-1"},"canonical":"https:\/\/traveltaleswithioana.com\/en\/explore-romania-2\/","og_locale":"en_US","og_type":"article","og_title":"Exploreaz\u0103 Rom\u00e2nia - Travel Tales with Ioana","og_description":"Descoper\u0103 Rom\u00e2nia prin drume\u021bii, cort, cazare autentic\u0103 \u0219i m\u00e2ncare local\u0103 \u2013 aventur\u0103, natur\u0103 \u0219i tradi\u021bie \u00een fiecare col\u021b de \u021bar\u0103.","og_url":"https:\/\/traveltaleswithioana.com\/en\/explore-romania-2\/","og_site_name":"Travel Tales with Ioana","article_modified_time":"2025-07-23T16:50:05+00:00","og_image":[{"width":1920,"height":1357,"url":"https:\/\/traveltaleswithioana.com\/wp-content\/uploads\/2025\/07\/romania.jpg","type":"image\/jpeg"}],"twitter_card":"summary_large_image","twitter_misc":{"Est. reading time":"1 minute"},"schema":{"@context":"https:\/\/schema.org","@graph":[{"@type":"WebPage","@id":"https:\/\/traveltaleswithioana.com\/explore-romania-2\/","url":"https:\/\/traveltaleswithioana.com\/explore-romania-2\/","name":"Exploreaz\u0103 Rom\u00e2nia - Travel Tales with Ioana","isPartOf":{"@id":"https:\/\/traveltaleswithioana.com\/#website"},"primaryImageOfPage":{"@id":"https:\/\/traveltaleswithioana.com\/explore-romania-2\/#primaryimage"},"image":{"@id":"https:\/\/traveltaleswithioana.com\/explore-romania-2\/#primaryimage"},"thumbnailUrl":"https:\/\/traveltaleswithioana.com\/wp-content\/uploads\/2025\/07\/romania.jpg","datePublished":"2025-07-18T14:45:53+00:00","dateModified":"2025-07-23T16:50:05+00:00","description":"Descoper\u0103 Rom\u00e2nia prin drume\u021bii, cort, cazare autentic\u0103 \u0219i m\u00e2ncare local\u0103 \u2013 aventur\u0103, natur\u0103 \u0219i tradi\u021bie \u00een fiecare col\u021b de \u021bar\u0103.","breadcrumb":{"@id":"https:\/\/traveltaleswithioana.com\/explore-romania-2\/#breadcrumb"},"inLanguage":"en-US","potentialAction":[{"@type":"ReadAction","target":["https:\/\/traveltaleswithioana.com\/explore-romania-2\/"]}]},{"@type":"ImageObject","inLanguage":"en-US","@id":"https:\/\/traveltaleswithioana.com\/explore-romania-2\/#primaryimage","url":"https:\/\/traveltaleswithioana.com\/wp-content\/uploads\/2025\/07\/romania.jpg","contentUrl":"https:\/\/traveltaleswithioana.com\/wp-content\/uploads\/2025\/07\/romania.jpg","width":1920,"height":1357},{"@type":"BreadcrumbList","@id":"https:\/\/traveltaleswithioana.com\/explore-romania-2\/#breadcrumb","itemListElement":[{"@type":"ListItem","position":1,"name":"Home","item":"https:\/\/traveltaleswithioana.com\/"},{"@type":"ListItem","position":2,"name":"Exploreaz\u0103 Rom\u00e2nia"}]},{"@type":"WebSite","@id":"https:\/\/traveltaleswithioana.com\/#website","url":"https:\/\/traveltaleswithioana.com\/","name":"Travel Tales with Ioana","description":"","publisher":{"@id":"https:\/\/traveltaleswithioana.com\/#organization"},"potentialAction":[{"@type":"SearchAction","target":{"@type":"EntryPoint","urlTemplate":"https:\/\/traveltaleswithioana.com\/?s={search_term_string}"},"query-input":{"@type":"PropertyValueSpecification","valueRequired":true,"valueName":"search_term_string"}}],"inLanguage":"en-US"},{"@type":"Organization","@id":"https:\/\/traveltaleswithioana.com\/#organization","name":"Travel Tales with Ioana","url":"https:\/\/traveltaleswithioana.com\/","logo":{"@type":"ImageObject","inLanguage":"en-US","@id":"https:\/\/traveltaleswithioana.com\/#\/schema\/logo\/image\/","url":"https:\/\/traveltaleswithioana.com\/wp-content\/uploads\/2024\/11\/logo_mai_bun-removebg-preview.png","contentUrl":"https:\/\/traveltaleswithioana.com\/wp-content\/uploads\/2024\/11\/logo_mai_bun-removebg-preview.png","width":500,"height":100,"caption":"Travel Tales with Ioana"},"image":{"@id":"https:\/\/traveltaleswithioana.com\/#\/schema\/logo\/image\/"}}]}},"uagb_featured_image_src":{"full":["https:\/\/traveltaleswithioana.com\/wp-content\/uploads\/2025\/07\/romania.jpg",1920,1357,false],"thumbnail":["https:\/\/traveltaleswithioana.com\/wp-content\/uploads\/2025\/07\/romania-150x150.jpg",150,150,true],"medium":["https:\/\/traveltaleswithioana.com\/wp-content\/uploads\/2025\/07\/romania-300x212.jpg",300,212,true],"medium_large":["https:\/\/traveltaleswithioana.com\/wp-content\/uploads\/2025\/07\/romania-768x543.jpg",768,543,true],"large":["https:\/\/traveltaleswithioana.com\/wp-content\/uploads\/2025\/07\/romania-1024x724.jpg",1024,724,true],"1536x1536":["https:\/\/traveltaleswithioana.com\/wp-content\/uploads\/2025\/07\/romania-1536x1086.jpg",1536,1086,true],"2048x2048":["https:\/\/traveltaleswithioana.com\/wp-content\/uploads\/2025\/07\/romania.jpg",1920,1357,false],"trp-custom-language-flag":["https:\/\/traveltaleswithioana.com\/wp-content\/uploads\/2025\/07\/romania-18x12.jpg",18,12,true]},"uagb_author_info":{"display_name":"ioana.ferdoschi","author_link":"https:\/\/traveltaleswithioana.com\/en\/author\/ioana-ferdoschi\/"},"uagb_comment_info":0,"uagb_excerpt":"Bine ai venit \u00een Rom\u00e2nia! De\u0219i ador s\u0103 c\u0103l\u0103toresc peste tot prin lume, aceast\u0103 pasiune a \u00eenceput acas\u0103, urm\u00e2nd diverse road trip-uri prin Rom\u00e2nia \u00eenc\u0103 de c\u00e2nd eram copil. Azi, \u00eenc\u0103 \u00eemi descop\u0103r \u021bara \u0219i te \u00eendemn \u0219i pe tine s\u0103 faci la fel pentru c\u0103 este cu adev\u0103rat superb\u0103! Aceast\u0103 sec\u021biune din blog este...","_links":{"self":[{"href":"https:\/\/traveltaleswithioana.com\/en\/wp-json\/wp\/v2\/pages\/2389","targetHints":{"allow":["GET"]}}],"collection":[{"href":"https:\/\/traveltaleswithioana.com\/en\/wp-json\/wp\/v2\/pages"}],"about":[{"href":"https:\/\/traveltaleswithioana.com\/en\/wp-json\/wp\/v2\/types\/page"}],"author":[{"embeddable":true,"href":"https:\/\/traveltaleswithioana.com\/en\/wp-json\/wp\/v2\/users\/1"}],"replies":[{"embeddable":true,"href":"https:\/\/traveltaleswithioana.com\/en\/wp-json\/wp\/v2\/comments?post=2389"}],"version-history":[{"count":5,"href":"https:\/\/traveltaleswithioana.com\/en\/wp-json\/wp\/v2\/pages\/2389\/revisions"}],"predecessor-version":[{"id":2470,"href":"https:\/\/traveltaleswithioana.com\/en\/wp-json\/wp\/v2\/pages\/2389\/revisions\/2470"}],"wp:featuredmedia":[{"embeddable":true,"href":"https:\/\/traveltaleswithioana.com\/en\/wp-json\/wp\/v2\/media\/2463"}],"wp:attachment":[{"href":"https:\/\/traveltaleswithioana.com\/en\/wp-json\/wp\/v2\/media?parent=2389"}],"curies":[{"name":"wp","href":"https:\/\/api.w.org\/{rel}","templated":true}]}}