{"id":2385,"date":"2025-07-18T14:41:58","date_gmt":"2025-07-18T14:41:58","guid":{"rendered":"https:\/\/traveltaleswithioana.com\/?page_id=2385"},"modified":"2025-07-23T13:47:51","modified_gmt":"2025-07-23T13:47:51","slug":"europe","status":"publish","type":"page","link":"https:\/\/traveltaleswithioana.com\/en\/europe\/","title":{"rendered":"Europe"},"content":{"rendered":"<p>Welcome to <strong>Europe <\/strong>- discovered through my passionate traveler's eyes! Here you will find a space dedicated to those who want to discover the charm of old towns, spectacular alpine landscapes, local culture and traditional European cuisine. <br><br>Whether you're dreaming of a romantic stroll through Italy, an unforgettable adventure in Madeira, a glacier trek in Iceland or spontaneous city breaks, here you'll find honest articles, helpful guides, tips &amp; tricks and photos to get you packing your bags. Draw inspiration from my experiences and let yourself be carried away in a Europe of curiosity.<\/p>\n\n\n<div class=\"map_wrapper\" id=\"map_wrapper_2451\">\n<div class=\"map_box\" style=\"max-width:2000px\">\n<div class=\"map_aspect_ratio\" style=\"padding-top:56%\" data-padding-top=\"56%\" data-padding-top-mobile=\"0%\">\n<div class=\"map_container\">\n<div class=\"map_render map_loading\" id=\"map_2451\"><\/div>\n<\/div>\n<\/div>\n<\/div>\n<\/div>\n\n\n\n<p><\/p>\n\n\n<style>.wp-block-kadence-spacer.kt-block-spacer-2385_7f78ef-e9 .kt-block-spacer{height:129px;}.wp-block-kadence-spacer.kt-block-spacer-2385_7f78ef-e9 .kt-divider{border-top-width:1px;height:1px;border-top-color:#eee;width:80%;border-top-style:solid;}<\/style>\n<div class=\"wp-block-kadence-spacer aligncenter kt-block-spacer-2385_7f78ef-e9\"><div class=\"kt-block-spacer kt-block-spacer-halign-center\"><hr class=\"kt-divider\"\/><\/div><\/div>\n\n\n\n<p><\/p>\n\n\n\n<h2 class=\"wp-block-heading has-text-align-center\">Have a look and get inspired! \ud83d\ude42<\/h2>\n\n\n\n<p><\/p>\n\n\n\n\t\t\t<div class=\"wp-block-uagb-post-grid uagb-post-grid  uagb-post__image-position-background uagb-post__image-enabled uagb-block-8882b9cb     uagb-post__items uagb-post__columns-2 is-grid uagb-post__columns-tablet-2 uagb-post__columns-mobile-1 uagb-post__equal-height\" data-total=\"4\" style=\"\">\n\n\t\t\t\t\t\t\t\t\t\t\t\t<article class=\"uagb-post__inner-wrap\">\t\t\t\t\t\t\t\t<div class='uagb-post__image'>\n\t\t\t\t\t\t\t\t\t<a href=\"https:\/\/traveltaleswithioana.com\/en\/layering-for-the-nordics\/\" target=\"_self\" rel=\"bookmark noopener noreferrer\"><img decoding=\"async\" width=\"1024\" height=\"768\" src=\"https:\/\/traveltaleswithioana.com\/wp-content\/uploads\/2025\/12\/IMG_4177-1024x768.webp\" class=\"attachment-large size-large\" alt=\"\" srcset=\"https:\/\/traveltaleswithioana.com\/wp-content\/uploads\/2025\/12\/IMG_4177-1024x768.webp 1024w, https:\/\/traveltaleswithioana.com\/wp-content\/uploads\/2025\/12\/IMG_4177-300x225.webp 300w, https:\/\/traveltaleswithioana.com\/wp-content\/uploads\/2025\/12\/IMG_4177-768x576.webp 768w, https:\/\/traveltaleswithioana.com\/wp-content\/uploads\/2025\/12\/IMG_4177-1536x1152.webp 1536w, https:\/\/traveltaleswithioana.com\/wp-content\/uploads\/2025\/12\/IMG_4177-16x12.webp 16w, https:\/\/traveltaleswithioana.com\/wp-content\/uploads\/2025\/12\/IMG_4177.webp 1920w\" sizes=\"(max-width: 1024px) 100vw, 1024px\" \/>\t\t\t\t\t<\/a>\n\t\t\t\t\t\t\t\t\t<\/div>\n\t\t\t<div class=\"uag-post-grid-wrapper\">\t\t\t<h2 class=\"uagb-post__title uagb-post__text\">\n\t\t\t\t<a href=\"https:\/\/traveltaleswithioana.com\/en\/layering-for-the-nordics\/\" target=\"_self\" rel=\"bookmark noopener noreferrer\">Layering \u00een stil nordic &#8211; Cum s\u0103 te \u00eembraci corect pentru iarna din Norvegia<\/a>\n\t\t\t<\/h2>\n\t\t\t\t\t\t<div class='uagb-post__text uagb-post-grid-byline'>\n\t\t\t\t\t\t\t\t<time datetime=\"2025-12-12T18:59:56+00:00\" class=\"uagb-post__date\">\n\t\t\t\t<span class=\"dashicons-calendar dashicons\"><\/span>\t\t\t\t\tDecember 12, 2025\t\t\t\t<\/time>\n\t\t\t\t\t\t<\/div>\n\t\t\t\t\t\t\t<div class='uagb-post__text uagb-post__excerpt'>\n\t\t\t\t\tCum s\u0103 te \u00eembraci corect iarna \u00een Norvegia? Ghid practic de layering \u00een stil nordic, ca s\u0103 r\u0103m\u00e2i confortabil pe&#8230;\t\t\t\t<\/div>\n\t\t\t\t\t\t<div class=\"uagb-post__text uagb-post__cta wp-block-button\">\n\t\t\t\t<a class=\"wp-block-button__link uagb-text-link\" style=\"\" href=\"https:\/\/traveltaleswithioana.com\/en\/layering-for-the-nordics\/\" target=\"_self\" rel=\"bookmark noopener noreferrer\">Read More<\/a>\n\t\t\t<\/div>\n\t\t\t<\/div>\n\t\t\t\t\t\t\t\t\t<\/article>\n\t\t\t\t\t\t\t\t\t\t\t\t\t\t\t\t<article class=\"uagb-post__inner-wrap\">\t\t\t\t\t\t\t\t<div class='uagb-post__image'>\n\t\t\t\t\t\t\t\t\t<a href=\"https:\/\/traveltaleswithioana.com\/en\/travel-guide-in-alsace\/\" target=\"_self\" rel=\"bookmark noopener noreferrer\"><img decoding=\"async\" width=\"768\" height=\"1024\" src=\"https:\/\/traveltaleswithioana.com\/wp-content\/uploads\/2024\/11\/IMG_8057-768x1024.webp\" class=\"attachment-large size-large\" alt=\"\" srcset=\"https:\/\/traveltaleswithioana.com\/wp-content\/uploads\/2024\/11\/IMG_8057-768x1024.webp 768w, https:\/\/traveltaleswithioana.com\/wp-content\/uploads\/2024\/11\/IMG_8057-225x300.webp 225w, https:\/\/traveltaleswithioana.com\/wp-content\/uploads\/2024\/11\/IMG_8057-1152x1536.webp 1152w, https:\/\/traveltaleswithioana.com\/wp-content\/uploads\/2024\/11\/IMG_8057.webp 1536w\" sizes=\"(max-width: 768px) 100vw, 768px\" \/>\t\t\t\t\t<\/a>\n\t\t\t\t\t\t\t\t\t<\/div>\n\t\t\t<div class=\"uag-post-grid-wrapper\">\t\t\t<h2 class=\"uagb-post__title uagb-post__text\">\n\t\t\t\t<a href=\"https:\/\/traveltaleswithioana.com\/en\/travel-guide-in-alsace\/\" target=\"_self\" rel=\"bookmark noopener noreferrer\">Travel guide - 3 magical days in Alsace<\/a>\n\t\t\t<\/h2>\n\t\t\t\t\t\t<div class='uagb-post__text uagb-post-grid-byline'>\n\t\t\t\t\t\t\t\t<time datetime=\"2024-11-12T16:52:59+00:00\" class=\"uagb-post__date\">\n\t\t\t\t<span class=\"dashicons-calendar dashicons\"><\/span>\t\t\t\t\tNovember 12, 2024\t\t\t\t<\/time>\n\t\t\t\t\t\t<\/div>\n\t\t\t\t\t\t\t<div class='uagb-post__text uagb-post__excerpt'>\n\t\t\t\t\tInspir\u0103-te \u0219i tu din acest articol de c\u0103l\u0103torie \u00een Alsacia de poveste! Poate ora\u0219ele de basm sau drumul Vinului \u00ee\u021bi&#8230;\t\t\t\t<\/div>\n\t\t\t\t\t\t<div class=\"uagb-post__text uagb-post__cta wp-block-button\">\n\t\t\t\t<a class=\"wp-block-button__link uagb-text-link\" style=\"\" href=\"https:\/\/traveltaleswithioana.com\/en\/travel-guide-in-alsace\/\" target=\"_self\" rel=\"bookmark noopener noreferrer\">Read More<\/a>\n\t\t\t<\/div>\n\t\t\t<\/div>\n\t\t\t\t\t\t\t\t\t<\/article>\n\t\t\t\t\t\t\t\t\t\t\t\t\t\t\t\t<article class=\"uagb-post__inner-wrap\">\t\t\t\t\t\t\t\t<div class='uagb-post__image'>\n\t\t\t\t\t\t\t\t\t<a href=\"https:\/\/traveltaleswithioana.com\/en\/how-to-dress-up-for-nordics\/\" target=\"_self\" rel=\"bookmark noopener noreferrer\"><img decoding=\"async\" width=\"768\" height=\"1024\" src=\"https:\/\/traveltaleswithioana.com\/wp-content\/uploads\/2024\/12\/IMG_20221202_111323-768x1024.webp\" class=\"attachment-large size-large\" alt=\"\" srcset=\"https:\/\/traveltaleswithioana.com\/wp-content\/uploads\/2024\/12\/IMG_20221202_111323-768x1024.webp 768w, https:\/\/traveltaleswithioana.com\/wp-content\/uploads\/2024\/12\/IMG_20221202_111323-225x300.webp 225w, https:\/\/traveltaleswithioana.com\/wp-content\/uploads\/2024\/12\/IMG_20221202_111323-1152x1536.webp 1152w, https:\/\/traveltaleswithioana.com\/wp-content\/uploads\/2024\/12\/IMG_20221202_111323-9x12.webp 9w, https:\/\/traveltaleswithioana.com\/wp-content\/uploads\/2024\/12\/IMG_20221202_111323.webp 1440w\" sizes=\"(max-width: 768px) 100vw, 768px\" \/>\t\t\t\t\t<\/a>\n\t\t\t\t\t\t\t\t\t<\/div>\n\t\t\t<div class=\"uag-post-grid-wrapper\">\t\t\t<h2 class=\"uagb-post__title uagb-post__text\">\n\t\t\t\t<a href=\"https:\/\/traveltaleswithioana.com\/en\/how-to-dress-up-for-nordics\/\" target=\"_self\" rel=\"bookmark noopener noreferrer\">What should you pack for Finland in winter?<\/a>\n\t\t\t<\/h2>\n\t\t\t\t\t\t<div class='uagb-post__text uagb-post-grid-byline'>\n\t\t\t\t\t\t\t\t<time datetime=\"2024-12-04T21:45:58+00:00\" class=\"uagb-post__date\">\n\t\t\t\t<span class=\"dashicons-calendar dashicons\"><\/span>\t\t\t\t\tDecember 4, 2024\t\t\t\t<\/time>\n\t\t\t\t\t\t<\/div>\n\t\t\t\t\t\t\t<div class='uagb-post__text uagb-post__excerpt'>\n\t\t\t\t\tA little guide to the clothes you should have when traveling in any of the Nordic countries.\t\t\t\t<\/div>\n\t\t\t\t\t\t<div class=\"uagb-post__text uagb-post__cta wp-block-button\">\n\t\t\t\t<a class=\"wp-block-button__link uagb-text-link\" style=\"\" href=\"https:\/\/traveltaleswithioana.com\/en\/how-to-dress-up-for-nordics\/\" target=\"_self\" rel=\"bookmark noopener noreferrer\">Read More<\/a>\n\t\t\t<\/div>\n\t\t\t<\/div>\n\t\t\t\t\t\t\t\t\t<\/article>\n\t\t\t\t\t\t\t\t\t\t\t\t\t\t\t\t<article class=\"uagb-post__inner-wrap\">\t\t\t\t\t\t\t\t<div class='uagb-post__image'>\n\t\t\t\t\t\t\t\t\t<a href=\"https:\/\/traveltaleswithioana.com\/en\/tromso-travel-guide-for-your-the-arctic-adventure\/\" target=\"_self\" rel=\"bookmark noopener noreferrer\"><img decoding=\"async\" width=\"1024\" height=\"768\" src=\"https:\/\/traveltaleswithioana.com\/wp-content\/uploads\/2025\/12\/IMG_5209-1024x768.webp\" class=\"attachment-large size-large\" alt=\"\" srcset=\"https:\/\/traveltaleswithioana.com\/wp-content\/uploads\/2025\/12\/IMG_5209-1024x768.webp 1024w, https:\/\/traveltaleswithioana.com\/wp-content\/uploads\/2025\/12\/IMG_5209-300x225.webp 300w, https:\/\/traveltaleswithioana.com\/wp-content\/uploads\/2025\/12\/IMG_5209-768x576.webp 768w, https:\/\/traveltaleswithioana.com\/wp-content\/uploads\/2025\/12\/IMG_5209-1536x1152.webp 1536w, https:\/\/traveltaleswithioana.com\/wp-content\/uploads\/2025\/12\/IMG_5209-16x12.webp 16w, https:\/\/traveltaleswithioana.com\/wp-content\/uploads\/2025\/12\/IMG_5209.webp 2048w\" sizes=\"(max-width: 1024px) 100vw, 1024px\" \/>\t\t\t\t\t<\/a>\n\t\t\t\t\t\t\t\t\t<\/div>\n\t\t\t<div class=\"uag-post-grid-wrapper\">\t\t\t<h2 class=\"uagb-post__title uagb-post__text\">\n\t\t\t\t<a href=\"https:\/\/traveltaleswithioana.com\/en\/tromso-travel-guide-for-your-the-arctic-adventure\/\" target=\"_self\" rel=\"bookmark noopener noreferrer\">Aventur\u0103 \u00een Troms\u00f8 &#8211; Ghidul esen\u021bial pentru a descoperi farmecul arctic<\/a>\n\t\t\t<\/h2>\n\t\t\t\t\t\t<div class='uagb-post__text uagb-post-grid-byline'>\n\t\t\t\t\t\t\t\t<time datetime=\"2025-12-12T18:57:36+00:00\" class=\"uagb-post__date\">\n\t\t\t\t<span class=\"dashicons-calendar dashicons\"><\/span>\t\t\t\t\tDecember 12, 2025\t\t\t\t<\/time>\n\t\t\t\t\t\t<\/div>\n\t\t\t\t\t\t\t<div class='uagb-post__text uagb-post__excerpt'>\n\t\t\t\t\tActivit\u0103\u021bi \u00een Troms\u00f8 \u00een timpul nop\u021bii polare: idei de experien\u021be arctice, lucruri de f\u0103cut iarna \u0219i sfaturi pentru a profita&#8230;\t\t\t\t<\/div>\n\t\t\t\t\t\t<div class=\"uagb-post__text uagb-post__cta wp-block-button\">\n\t\t\t\t<a class=\"wp-block-button__link uagb-text-link\" style=\"\" href=\"https:\/\/traveltaleswithioana.com\/en\/tromso-travel-guide-for-your-the-arctic-adventure\/\" target=\"_self\" rel=\"bookmark noopener noreferrer\">Read More<\/a>\n\t\t\t<\/div>\n\t\t\t<\/div>\n\t\t\t\t\t\t\t\t\t<\/article>\n\t\t\t\t\t\t\t\t\t\t\t<\/div>","protected":false},"excerpt":{"rendered":"<p>Bine ai venit prin Europa \u2013 descoperit\u0103 prin ochii mei de c\u0103l\u0103tor pasionat! Aici g\u0103se\u0219ti un spa\u021biu dedicat celor care vor s\u0103 descopere farmecul ora\u0219elor vechi, peisajele alpine spectaculoase, cultura local\u0103 \u0219i buc\u0103t\u0103ria tradi\u021bional\u0103 european\u0103. Fie c\u0103 visezi la o plimbare romantic\u0103 prin Italia, o aventur\u0103 de neuitat prin Madeira, un traseu pe un ghe\u021bar&#8230;<\/p>","protected":false},"author":1,"featured_media":2453,"parent":0,"menu_order":0,"comment_status":"closed","ping_status":"closed","template":"","meta":{"_uag_custom_page_level_css":"","_monsterinsights_skip_tracking":false,"_monsterinsights_sitenote_active":false,"_monsterinsights_sitenote_note":"","_monsterinsights_sitenote_category":0,"_kadence_starter_templates_imported_post":false,"_kad_post_transparent":"","_kad_post_title":"","_kad_post_layout":"","_kad_post_sidebar_id":"","_kad_post_content_style":"","_kad_post_vertical_padding":"","_kad_post_feature":"","_kad_post_feature_position":"","_kad_post_header":false,"_kad_post_footer":false,"_kad_post_classname":"","footnotes":""},"class_list":["post-2385","page","type-page","status-publish","has-post-thumbnail","hentry"],"yoast_head":"<!-- This site is optimized with the Yoast SEO plugin v27.3 - https:\/\/yoast.com\/product\/yoast-seo-wordpress\/ -->\n<title>Europa - Travel Tales with Ioana<\/title>\n<meta name=\"description\" content=\"Exploreaz\u0103 Europa pas cu pas: pove\u0219ti de c\u0103l\u0103torie, ora\u0219e pline de farmec, recomand\u0103ri locale, natur\u0103 c\u00e2t cuprinde \u0219i experien\u021be memorabile.\" \/>\n<meta name=\"robots\" content=\"index, follow, max-snippet:-1, max-image-preview:large, max-video-preview:-1\" \/>\n<link rel=\"canonical\" href=\"https:\/\/traveltaleswithioana.com\/en\/europe\/\" \/>\n<meta property=\"og:locale\" content=\"en_US\" \/>\n<meta property=\"og:type\" content=\"article\" \/>\n<meta property=\"og:title\" content=\"Europa - Travel Tales with Ioana\" \/>\n<meta property=\"og:description\" content=\"Exploreaz\u0103 Europa pas cu pas: pove\u0219ti de c\u0103l\u0103torie, ora\u0219e pline de farmec, recomand\u0103ri locale, natur\u0103 c\u00e2t cuprinde \u0219i experien\u021be memorabile.\" \/>\n<meta property=\"og:url\" content=\"https:\/\/traveltaleswithioana.com\/en\/europe\/\" \/>\n<meta property=\"og:site_name\" content=\"Travel Tales with Ioana\" \/>\n<meta property=\"article:modified_time\" content=\"2025-07-23T13:47:51+00:00\" \/>\n<meta property=\"og:image\" content=\"https:\/\/traveltaleswithioana.com\/wp-content\/uploads\/2025\/07\/europa.webp\" \/>\n\t<meta property=\"og:image:width\" content=\"2245\" \/>\n\t<meta property=\"og:image:height\" content=\"1587\" \/>\n\t<meta property=\"og:image:type\" content=\"image\/webp\" \/>\n<meta name=\"twitter:card\" content=\"summary_large_image\" \/>\n<meta name=\"twitter:label1\" content=\"Est. reading time\" \/>\n\t<meta name=\"twitter:data1\" content=\"1 minute\" \/>\n<script type=\"application\/ld+json\" class=\"yoast-schema-graph\">{\"@context\":\"https:\\\/\\\/schema.org\",\"@graph\":[{\"@type\":\"WebPage\",\"@id\":\"https:\\\/\\\/traveltaleswithioana.com\\\/europe\\\/\",\"url\":\"https:\\\/\\\/traveltaleswithioana.com\\\/europe\\\/\",\"name\":\"Europa - Travel Tales with Ioana\",\"isPartOf\":{\"@id\":\"https:\\\/\\\/traveltaleswithioana.com\\\/#website\"},\"primaryImageOfPage\":{\"@id\":\"https:\\\/\\\/traveltaleswithioana.com\\\/europe\\\/#primaryimage\"},\"image\":{\"@id\":\"https:\\\/\\\/traveltaleswithioana.com\\\/europe\\\/#primaryimage\"},\"thumbnailUrl\":\"https:\\\/\\\/traveltaleswithioana.com\\\/wp-content\\\/uploads\\\/2025\\\/07\\\/europa.webp\",\"datePublished\":\"2025-07-18T14:41:58+00:00\",\"dateModified\":\"2025-07-23T13:47:51+00:00\",\"description\":\"Exploreaz\u0103 Europa pas cu pas: pove\u0219ti de c\u0103l\u0103torie, ora\u0219e pline de farmec, recomand\u0103ri locale, natur\u0103 c\u00e2t cuprinde \u0219i experien\u021be memorabile.\",\"breadcrumb\":{\"@id\":\"https:\\\/\\\/traveltaleswithioana.com\\\/europe\\\/#breadcrumb\"},\"inLanguage\":\"en-US\",\"potentialAction\":[{\"@type\":\"ReadAction\",\"target\":[\"https:\\\/\\\/traveltaleswithioana.com\\\/europe\\\/\"]}]},{\"@type\":\"ImageObject\",\"inLanguage\":\"en-US\",\"@id\":\"https:\\\/\\\/traveltaleswithioana.com\\\/europe\\\/#primaryimage\",\"url\":\"https:\\\/\\\/traveltaleswithioana.com\\\/wp-content\\\/uploads\\\/2025\\\/07\\\/europa.webp\",\"contentUrl\":\"https:\\\/\\\/traveltaleswithioana.com\\\/wp-content\\\/uploads\\\/2025\\\/07\\\/europa.webp\",\"width\":2245,\"height\":1587},{\"@type\":\"BreadcrumbList\",\"@id\":\"https:\\\/\\\/traveltaleswithioana.com\\\/europe\\\/#breadcrumb\",\"itemListElement\":[{\"@type\":\"ListItem\",\"position\":1,\"name\":\"Home\",\"item\":\"https:\\\/\\\/traveltaleswithioana.com\\\/\"},{\"@type\":\"ListItem\",\"position\":2,\"name\":\"Europa\"}]},{\"@type\":\"WebSite\",\"@id\":\"https:\\\/\\\/traveltaleswithioana.com\\\/#website\",\"url\":\"https:\\\/\\\/traveltaleswithioana.com\\\/\",\"name\":\"Travel Tales with Ioana\",\"description\":\"\",\"publisher\":{\"@id\":\"https:\\\/\\\/traveltaleswithioana.com\\\/#organization\"},\"potentialAction\":[{\"@type\":\"SearchAction\",\"target\":{\"@type\":\"EntryPoint\",\"urlTemplate\":\"https:\\\/\\\/traveltaleswithioana.com\\\/?s={search_term_string}\"},\"query-input\":{\"@type\":\"PropertyValueSpecification\",\"valueRequired\":true,\"valueName\":\"search_term_string\"}}],\"inLanguage\":\"en-US\"},{\"@type\":\"Organization\",\"@id\":\"https:\\\/\\\/traveltaleswithioana.com\\\/#organization\",\"name\":\"Travel Tales with Ioana\",\"url\":\"https:\\\/\\\/traveltaleswithioana.com\\\/\",\"logo\":{\"@type\":\"ImageObject\",\"inLanguage\":\"en-US\",\"@id\":\"https:\\\/\\\/traveltaleswithioana.com\\\/#\\\/schema\\\/logo\\\/image\\\/\",\"url\":\"https:\\\/\\\/traveltaleswithioana.com\\\/wp-content\\\/uploads\\\/2024\\\/11\\\/logo_mai_bun-removebg-preview.png\",\"contentUrl\":\"https:\\\/\\\/traveltaleswithioana.com\\\/wp-content\\\/uploads\\\/2024\\\/11\\\/logo_mai_bun-removebg-preview.png\",\"width\":500,\"height\":100,\"caption\":\"Travel Tales with Ioana\"},\"image\":{\"@id\":\"https:\\\/\\\/traveltaleswithioana.com\\\/#\\\/schema\\\/logo\\\/image\\\/\"}}]}<\/script>\n<!-- \/ Yoast SEO plugin. -->","yoast_head_json":{"title":"Europa - Travel Tales with Ioana","description":"Exploreaz\u0103 Europa pas cu pas: pove\u0219ti de c\u0103l\u0103torie, ora\u0219e pline de farmec, recomand\u0103ri locale, natur\u0103 c\u00e2t cuprinde \u0219i experien\u021be memorabile.","robots":{"index":"index","follow":"follow","max-snippet":"max-snippet:-1","max-image-preview":"max-image-preview:large","max-video-preview":"max-video-preview:-1"},"canonical":"https:\/\/traveltaleswithioana.com\/en\/europe\/","og_locale":"en_US","og_type":"article","og_title":"Europa - Travel Tales with Ioana","og_description":"Exploreaz\u0103 Europa pas cu pas: pove\u0219ti de c\u0103l\u0103torie, ora\u0219e pline de farmec, recomand\u0103ri locale, natur\u0103 c\u00e2t cuprinde \u0219i experien\u021be memorabile.","og_url":"https:\/\/traveltaleswithioana.com\/en\/europe\/","og_site_name":"Travel Tales with Ioana","article_modified_time":"2025-07-23T13:47:51+00:00","og_image":[{"width":2245,"height":1587,"url":"https:\/\/traveltaleswithioana.com\/wp-content\/uploads\/2025\/07\/europa.webp","type":"image\/webp"}],"twitter_card":"summary_large_image","twitter_misc":{"Est. reading time":"1 minute"},"schema":{"@context":"https:\/\/schema.org","@graph":[{"@type":"WebPage","@id":"https:\/\/traveltaleswithioana.com\/europe\/","url":"https:\/\/traveltaleswithioana.com\/europe\/","name":"Europa - Travel Tales with Ioana","isPartOf":{"@id":"https:\/\/traveltaleswithioana.com\/#website"},"primaryImageOfPage":{"@id":"https:\/\/traveltaleswithioana.com\/europe\/#primaryimage"},"image":{"@id":"https:\/\/traveltaleswithioana.com\/europe\/#primaryimage"},"thumbnailUrl":"https:\/\/traveltaleswithioana.com\/wp-content\/uploads\/2025\/07\/europa.webp","datePublished":"2025-07-18T14:41:58+00:00","dateModified":"2025-07-23T13:47:51+00:00","description":"Exploreaz\u0103 Europa pas cu pas: pove\u0219ti de c\u0103l\u0103torie, ora\u0219e pline de farmec, recomand\u0103ri locale, natur\u0103 c\u00e2t cuprinde \u0219i experien\u021be memorabile.","breadcrumb":{"@id":"https:\/\/traveltaleswithioana.com\/europe\/#breadcrumb"},"inLanguage":"en-US","potentialAction":[{"@type":"ReadAction","target":["https:\/\/traveltaleswithioana.com\/europe\/"]}]},{"@type":"ImageObject","inLanguage":"en-US","@id":"https:\/\/traveltaleswithioana.com\/europe\/#primaryimage","url":"https:\/\/traveltaleswithioana.com\/wp-content\/uploads\/2025\/07\/europa.webp","contentUrl":"https:\/\/traveltaleswithioana.com\/wp-content\/uploads\/2025\/07\/europa.webp","width":2245,"height":1587},{"@type":"BreadcrumbList","@id":"https:\/\/traveltaleswithioana.com\/europe\/#breadcrumb","itemListElement":[{"@type":"ListItem","position":1,"name":"Home","item":"https:\/\/traveltaleswithioana.com\/"},{"@type":"ListItem","position":2,"name":"Europa"}]},{"@type":"WebSite","@id":"https:\/\/traveltaleswithioana.com\/#website","url":"https:\/\/traveltaleswithioana.com\/","name":"Travel Tales with Ioana","description":"","publisher":{"@id":"https:\/\/traveltaleswithioana.com\/#organization"},"potentialAction":[{"@type":"SearchAction","target":{"@type":"EntryPoint","urlTemplate":"https:\/\/traveltaleswithioana.com\/?s={search_term_string}"},"query-input":{"@type":"PropertyValueSpecification","valueRequired":true,"valueName":"search_term_string"}}],"inLanguage":"en-US"},{"@type":"Organization","@id":"https:\/\/traveltaleswithioana.com\/#organization","name":"Travel Tales with Ioana","url":"https:\/\/traveltaleswithioana.com\/","logo":{"@type":"ImageObject","inLanguage":"en-US","@id":"https:\/\/traveltaleswithioana.com\/#\/schema\/logo\/image\/","url":"https:\/\/traveltaleswithioana.com\/wp-content\/uploads\/2024\/11\/logo_mai_bun-removebg-preview.png","contentUrl":"https:\/\/traveltaleswithioana.com\/wp-content\/uploads\/2024\/11\/logo_mai_bun-removebg-preview.png","width":500,"height":100,"caption":"Travel Tales with Ioana"},"image":{"@id":"https:\/\/traveltaleswithioana.com\/#\/schema\/logo\/image\/"}}]}},"uagb_featured_image_src":{"full":["https:\/\/traveltaleswithioana.com\/wp-content\/uploads\/2025\/07\/europa.webp",2245,1587,false],"thumbnail":["https:\/\/traveltaleswithioana.com\/wp-content\/uploads\/2025\/07\/europa-150x150.webp",150,150,true],"medium":["https:\/\/traveltaleswithioana.com\/wp-content\/uploads\/2025\/07\/europa-300x212.webp",300,212,true],"medium_large":["https:\/\/traveltaleswithioana.com\/wp-content\/uploads\/2025\/07\/europa-768x543.webp",768,543,true],"large":["https:\/\/traveltaleswithioana.com\/wp-content\/uploads\/2025\/07\/europa-1024x724.webp",1024,724,true],"1536x1536":["https:\/\/traveltaleswithioana.com\/wp-content\/uploads\/2025\/07\/europa-1536x1086.webp",1536,1086,true],"2048x2048":["https:\/\/traveltaleswithioana.com\/wp-content\/uploads\/2025\/07\/europa-2048x1448.webp",2048,1448,true],"trp-custom-language-flag":["https:\/\/traveltaleswithioana.com\/wp-content\/uploads\/2025\/07\/europa-18x12.webp",18,12,true]},"uagb_author_info":{"display_name":"ioana.ferdoschi","author_link":"https:\/\/traveltaleswithioana.com\/en\/author\/ioana-ferdoschi\/"},"uagb_comment_info":0,"uagb_excerpt":"Bine ai venit prin Europa \u2013 descoperit\u0103 prin ochii mei de c\u0103l\u0103tor pasionat! Aici g\u0103se\u0219ti un spa\u021biu dedicat celor care vor s\u0103 descopere farmecul ora\u0219elor vechi, peisajele alpine spectaculoase, cultura local\u0103 \u0219i buc\u0103t\u0103ria tradi\u021bional\u0103 european\u0103. Fie c\u0103 visezi la o plimbare romantic\u0103 prin Italia, o aventur\u0103 de neuitat prin Madeira, un traseu pe un ghe\u021bar...","_links":{"self":[{"href":"https:\/\/traveltaleswithioana.com\/en\/wp-json\/wp\/v2\/pages\/2385","targetHints":{"allow":["GET"]}}],"collection":[{"href":"https:\/\/traveltaleswithioana.com\/en\/wp-json\/wp\/v2\/pages"}],"about":[{"href":"https:\/\/traveltaleswithioana.com\/en\/wp-json\/wp\/v2\/types\/page"}],"author":[{"embeddable":true,"href":"https:\/\/traveltaleswithioana.com\/en\/wp-json\/wp\/v2\/users\/1"}],"replies":[{"embeddable":true,"href":"https:\/\/traveltaleswithioana.com\/en\/wp-json\/wp\/v2\/comments?post=2385"}],"version-history":[{"count":5,"href":"https:\/\/traveltaleswithioana.com\/en\/wp-json\/wp\/v2\/pages\/2385\/revisions"}],"predecessor-version":[{"id":2460,"href":"https:\/\/traveltaleswithioana.com\/en\/wp-json\/wp\/v2\/pages\/2385\/revisions\/2460"}],"wp:featuredmedia":[{"embeddable":true,"href":"https:\/\/traveltaleswithioana.com\/en\/wp-json\/wp\/v2\/media\/2453"}],"wp:attachment":[{"href":"https:\/\/traveltaleswithioana.com\/en\/wp-json\/wp\/v2\/media?parent=2385"}],"curies":[{"name":"wp","href":"https:\/\/api.w.org\/{rel}","templated":true}]}}