{"id":2382,"date":"2025-07-18T14:35:39","date_gmt":"2025-07-18T14:35:39","guid":{"rendered":"https:\/\/traveltaleswithioana.com\/?page_id=2382"},"modified":"2025-07-23T17:31:14","modified_gmt":"2025-07-23T17:31:14","slug":"asia","status":"publish","type":"page","link":"https:\/\/traveltaleswithioana.com\/en\/asia\/","title":{"rendered":"Asia"},"content":{"rendered":"<p>Welcome to <strong>Asia <\/strong>- discovered through my passionate traveler's eyes! Here you will find a space where I share my adventures, cultural discoveries and memorable moments from the fascinating Asian continent. <br><br>From the tranquil temples of Bali to the super tasty food of Sri Lanka and the thrills of stepping foot in South Korea for the first time, you'll find in-depth articles, authentic photos and helpful guides to every destination. Whether you're looking for inspiration for your next vacation or want to explore Asia through real stories, this blog is the perfect place for you.<\/p>\n\n\n<div class=\"map_wrapper\" id=\"map_wrapper_2416\">\n<div class=\"map_box\" style=\"max-width:2000px\">\n<div class=\"map_aspect_ratio\" style=\"padding-top:56%\" data-padding-top=\"56%\" data-padding-top-mobile=\"0%\">\n<div class=\"map_container\">\n<div class=\"map_render map_loading\" id=\"map_2416\"><\/div>\n<\/div>\n<\/div>\n<\/div>\n<\/div>\n\n\n\n<p><\/p>\n\n\n<style>.wp-block-kadence-spacer.kt-block-spacer-2382_9c4f33-25 .kt-block-spacer{height:129px;}.wp-block-kadence-spacer.kt-block-spacer-2382_9c4f33-25 .kt-divider{border-top-width:1px;height:1px;border-top-color:#eee;width:80%;border-top-style:solid;}<\/style>\n<div class=\"wp-block-kadence-spacer aligncenter kt-block-spacer-2382_9c4f33-25\"><div class=\"kt-block-spacer kt-block-spacer-halign-center\"><hr class=\"kt-divider\"\/><\/div><\/div>\n\n\n\n<p><\/p>\n\n\n\n<h2 class=\"wp-block-heading has-text-align-center\">Have a look and get inspired! \ud83d\ude42<\/h2>\n\n\n\n<p><\/p>\n\n\n\n\t\t\t<div class=\"wp-block-uagb-post-grid uagb-post-grid  uagb-post__image-position-background uagb-post__image-enabled uagb-block-8882b9cb     uagb-post__items uagb-post__columns-2 is-grid uagb-post__columns-tablet-2 uagb-post__columns-mobile-1 uagb-post__equal-height\" data-total=\"3\" style=\"\">\n\n\t\t\t\t\t\t\t\t\t\t\t\t<article class=\"uagb-post__inner-wrap\">\t\t\t\t\t\t\t\t<div class='uagb-post__image'>\n\t\t\t\t\t\t\t\t\t<a href=\"https:\/\/traveltaleswithioana.com\/en\/nuwara-eliya-what-to-visit-in-2-days\/\" target=\"_self\" rel=\"bookmark noopener noreferrer\"><img decoding=\"async\" width=\"1024\" height=\"768\" src=\"https:\/\/traveltaleswithioana.com\/wp-content\/uploads\/2025\/04\/IMG_4358-1024x768.webp\" class=\"attachment-large size-large\" alt=\"\" srcset=\"https:\/\/traveltaleswithioana.com\/wp-content\/uploads\/2025\/04\/IMG_4358-1024x768.webp 1024w, https:\/\/traveltaleswithioana.com\/wp-content\/uploads\/2025\/04\/IMG_4358-300x225.webp 300w, https:\/\/traveltaleswithioana.com\/wp-content\/uploads\/2025\/04\/IMG_4358-768x576.webp 768w, https:\/\/traveltaleswithioana.com\/wp-content\/uploads\/2025\/04\/IMG_4358-1536x1152.webp 1536w, https:\/\/traveltaleswithioana.com\/wp-content\/uploads\/2025\/04\/IMG_4358-16x12.webp 16w, https:\/\/traveltaleswithioana.com\/wp-content\/uploads\/2025\/04\/IMG_4358.webp 2048w\" sizes=\"(max-width: 1024px) 100vw, 1024px\" \/>\t\t\t\t\t<\/a>\n\t\t\t\t\t\t\t\t\t<\/div>\n\t\t\t<div class=\"uag-post-grid-wrapper\">\t\t\t<h2 class=\"uagb-post__title uagb-post__text\">\n\t\t\t\t<a href=\"https:\/\/traveltaleswithioana.com\/en\/nuwara-eliya-what-to-visit-in-2-days\/\" target=\"_self\" rel=\"bookmark noopener noreferrer\">Nuwara Eliya - 2 and a half days in Sri Lanka's Little England<\/a>\n\t\t\t<\/h2>\n\t\t\t\t\t\t<div class='uagb-post__text uagb-post-grid-byline'>\n\t\t\t\t\t\t\t\t<time datetime=\"2025-04-09T15:35:14+00:00\" class=\"uagb-post__date\">\n\t\t\t\t<span class=\"dashicons-calendar dashicons\"><\/span>\t\t\t\t\tApril 9, 2025\t\t\t\t<\/time>\n\t\t\t\t\t\t<\/div>\n\t\t\t\t\t\t\t<div class='uagb-post__text uagb-post__excerpt'>\n\t\t\t\t\tPetrece 2 zile \u0219i jum\u0103tate \u00een Nuwara Eliya, perla mun\u021bilor din Sri Lanka, cunoscut\u0103 ca \u201eMica Anglie\u201d. Bucur\u0103-te de planta\u021biile&#8230;\t\t\t\t<\/div>\n\t\t\t\t\t\t<div class=\"uagb-post__text uagb-post__cta wp-block-button\">\n\t\t\t\t<a class=\"wp-block-button__link uagb-text-link\" style=\"\" href=\"https:\/\/traveltaleswithioana.com\/en\/nuwara-eliya-what-to-visit-in-2-days\/\" target=\"_self\" rel=\"bookmark noopener noreferrer\">Read More<\/a>\n\t\t\t<\/div>\n\t\t\t<\/div>\n\t\t\t\t\t\t\t\t\t<\/article>\n\t\t\t\t\t\t\t\t\t\t\t\t\t\t\t\t<article class=\"uagb-post__inner-wrap\">\t\t\t\t\t\t\t\t<div class='uagb-post__image'>\n\t\t\t\t\t\t\t\t\t<a href=\"https:\/\/traveltaleswithioana.com\/en\/what-to-visit-in-ella-in-one-day\/\" target=\"_self\" rel=\"bookmark noopener noreferrer\"><img decoding=\"async\" width=\"1024\" height=\"683\" src=\"https:\/\/traveltaleswithioana.com\/wp-content\/uploads\/2025\/04\/NAC_1055-1024x683.webp\" class=\"attachment-large size-large\" alt=\"\" srcset=\"https:\/\/traveltaleswithioana.com\/wp-content\/uploads\/2025\/04\/NAC_1055-1024x683.webp 1024w, https:\/\/traveltaleswithioana.com\/wp-content\/uploads\/2025\/04\/NAC_1055-300x200.webp 300w, https:\/\/traveltaleswithioana.com\/wp-content\/uploads\/2025\/04\/NAC_1055-768x512.webp 768w, https:\/\/traveltaleswithioana.com\/wp-content\/uploads\/2025\/04\/NAC_1055-1536x1024.webp 1536w, https:\/\/traveltaleswithioana.com\/wp-content\/uploads\/2025\/04\/NAC_1055-18x12.webp 18w, https:\/\/traveltaleswithioana.com\/wp-content\/uploads\/2025\/04\/NAC_1055.webp 1620w\" sizes=\"(max-width: 1024px) 100vw, 1024px\" \/>\t\t\t\t\t<\/a>\n\t\t\t\t\t\t\t\t\t<\/div>\n\t\t\t<div class=\"uag-post-grid-wrapper\">\t\t\t<h2 class=\"uagb-post__title uagb-post__text\">\n\t\t\t\t<a href=\"https:\/\/traveltaleswithioana.com\/en\/what-to-visit-in-ella-in-one-day\/\" target=\"_self\" rel=\"bookmark noopener noreferrer\">A day in Ella - discover the region's spectacular sights and landscapes<\/a>\n\t\t\t<\/h2>\n\t\t\t\t\t\t<div class='uagb-post__text uagb-post-grid-byline'>\n\t\t\t\t\t\t\t\t<time datetime=\"2025-04-09T17:21:48+00:00\" class=\"uagb-post__date\">\n\t\t\t\t<span class=\"dashicons-calendar dashicons\"><\/span>\t\t\t\t\tApril 9, 2025\t\t\t\t<\/time>\n\t\t\t\t\t\t<\/div>\n\t\t\t\t\t\t\t<div class='uagb-post__text uagb-post__excerpt'>\n\t\t\t\t\tElla, un col\u021b de rai din Sri Lanka, te \u00eenc\u00e2nt\u0103 cu atrac\u021bii unice precum Nine Arch Bridge, un viaduct spectaculos&#8230;\t\t\t\t<\/div>\n\t\t\t\t\t\t<div class=\"uagb-post__text uagb-post__cta wp-block-button\">\n\t\t\t\t<a class=\"wp-block-button__link uagb-text-link\" style=\"\" href=\"https:\/\/traveltaleswithioana.com\/en\/what-to-visit-in-ella-in-one-day\/\" target=\"_self\" rel=\"bookmark noopener noreferrer\">Read More<\/a>\n\t\t\t<\/div>\n\t\t\t<\/div>\n\t\t\t\t\t\t\t\t\t<\/article>\n\t\t\t\t\t\t\t\t\t\t\t\t\t\t\t\t<article class=\"uagb-post__inner-wrap\">\t\t\t\t\t\t\t\t<div class='uagb-post__image'>\n\t\t\t\t\t\t\t\t\t<a href=\"https:\/\/traveltaleswithioana.com\/en\/kandy-what-to-visit-in-one-day\/\" target=\"_self\" rel=\"bookmark noopener noreferrer\"><img decoding=\"async\" width=\"1024\" height=\"768\" src=\"https:\/\/traveltaleswithioana.com\/wp-content\/uploads\/2025\/04\/IMG_3618-1024x768.webp\" class=\"attachment-large size-large\" alt=\"\" srcset=\"https:\/\/traveltaleswithioana.com\/wp-content\/uploads\/2025\/04\/IMG_3618-1024x768.webp 1024w, https:\/\/traveltaleswithioana.com\/wp-content\/uploads\/2025\/04\/IMG_3618-300x225.webp 300w, https:\/\/traveltaleswithioana.com\/wp-content\/uploads\/2025\/04\/IMG_3618-768x576.webp 768w, https:\/\/traveltaleswithioana.com\/wp-content\/uploads\/2025\/04\/IMG_3618-1536x1152.webp 1536w, https:\/\/traveltaleswithioana.com\/wp-content\/uploads\/2025\/04\/IMG_3618-16x12.webp 16w, https:\/\/traveltaleswithioana.com\/wp-content\/uploads\/2025\/04\/IMG_3618.webp 2048w\" sizes=\"(max-width: 1024px) 100vw, 1024px\" \/>\t\t\t\t\t<\/a>\n\t\t\t\t\t\t\t\t\t<\/div>\n\t\t\t<div class=\"uag-post-grid-wrapper\">\t\t\t<h2 class=\"uagb-post__title uagb-post__text\">\n\t\t\t\t<a href=\"https:\/\/traveltaleswithioana.com\/en\/kandy-what-to-visit-in-one-day\/\" target=\"_self\" rel=\"bookmark noopener noreferrer\">What can you visit in one day in Kandy?<\/a>\n\t\t\t<\/h2>\n\t\t\t\t\t\t<div class='uagb-post__text uagb-post-grid-byline'>\n\t\t\t\t\t\t\t\t<time datetime=\"2025-04-09T15:14:38+00:00\" class=\"uagb-post__date\">\n\t\t\t\t<span class=\"dashicons-calendar dashicons\"><\/span>\t\t\t\t\tApril 9, 2025\t\t\t\t<\/time>\n\t\t\t\t\t\t<\/div>\n\t\t\t\t\t\t\t<div class='uagb-post__text uagb-post__excerpt'>\n\t\t\t\t\tDescoper\u0103 Kandy, ora\u0219ul sacru al Sri Lank\u0103i, \u00eentr-o zi plin\u0103 de cultur\u0103 \u0219i natur\u0103. Viziteaz\u0103 Templul Dintelui Sacru, plimb\u0103-te pe&#8230;\t\t\t\t<\/div>\n\t\t\t\t\t\t<div class=\"uagb-post__text uagb-post__cta wp-block-button\">\n\t\t\t\t<a class=\"wp-block-button__link uagb-text-link\" style=\"\" href=\"https:\/\/traveltaleswithioana.com\/en\/kandy-what-to-visit-in-one-day\/\" target=\"_self\" rel=\"bookmark noopener noreferrer\">Read More<\/a>\n\t\t\t<\/div>\n\t\t\t<\/div>\n\t\t\t\t\t\t\t\t\t<\/article>\n\t\t\t\t\t\t\t\t\t\t\t\t\t\t\t\t<article class=\"uagb-post__inner-wrap\">\t\t\t\t\t\t\t\t<div class='uagb-post__image'>\n\t\t\t\t\t\t\t\t\t<a href=\"https:\/\/traveltaleswithioana.com\/en\/20-tips-for-south-korea\/\" target=\"_self\" rel=\"bookmark noopener noreferrer\"><img decoding=\"async\" width=\"853\" height=\"1024\" src=\"https:\/\/traveltaleswithioana.com\/wp-content\/uploads\/2024\/12\/IMG_2383-853x1024.webp\" class=\"attachment-large size-large\" alt=\"\" srcset=\"https:\/\/traveltaleswithioana.com\/wp-content\/uploads\/2024\/12\/IMG_2383-853x1024.webp 853w, https:\/\/traveltaleswithioana.com\/wp-content\/uploads\/2024\/12\/IMG_2383-250x300.webp 250w, https:\/\/traveltaleswithioana.com\/wp-content\/uploads\/2024\/12\/IMG_2383-768x922.webp 768w, https:\/\/traveltaleswithioana.com\/wp-content\/uploads\/2024\/12\/IMG_2383-1280x1536.webp 1280w, https:\/\/traveltaleswithioana.com\/wp-content\/uploads\/2024\/12\/IMG_2383-10x12.webp 10w, https:\/\/traveltaleswithioana.com\/wp-content\/uploads\/2024\/12\/IMG_2383.webp 1618w\" sizes=\"(max-width: 853px) 100vw, 853px\" \/>\t\t\t\t\t<\/a>\n\t\t\t\t\t\t\t\t\t<\/div>\n\t\t\t<div class=\"uag-post-grid-wrapper\">\t\t\t<h2 class=\"uagb-post__title uagb-post__text\">\n\t\t\t\t<a href=\"https:\/\/traveltaleswithioana.com\/en\/20-tips-for-south-korea\/\" target=\"_self\" rel=\"bookmark noopener noreferrer\">Check 20 essential tips for your first trip to South Korea<\/a>\n\t\t\t<\/h2>\n\t\t\t\t\t\t<div class='uagb-post__text uagb-post-grid-byline'>\n\t\t\t\t\t\t\t\t<time datetime=\"2024-12-09T16:31:07+00:00\" class=\"uagb-post__date\">\n\t\t\t\t<span class=\"dashicons-calendar dashicons\"><\/span>\t\t\t\t\tDecember 9, 2024\t\t\t\t<\/time>\n\t\t\t\t\t\t<\/div>\n\t\t\t\t\t\t\t<div class='uagb-post__text uagb-post__excerpt'>\n\t\t\t\t\tSave this article for your next vacation to South Korea! Contains 20 essential tips from our vacation!\t\t\t\t<\/div>\n\t\t\t\t\t\t<div class=\"uagb-post__text uagb-post__cta wp-block-button\">\n\t\t\t\t<a class=\"wp-block-button__link uagb-text-link\" style=\"\" href=\"https:\/\/traveltaleswithioana.com\/en\/20-tips-for-south-korea\/\" target=\"_self\" rel=\"bookmark noopener noreferrer\">Read More<\/a>\n\t\t\t<\/div>\n\t\t\t<\/div>\n\t\t\t\t\t\t\t\t\t<\/article>\n\t\t\t\t\t\t\t\t\t\t\t<\/div>","protected":false},"excerpt":{"rendered":"<p>Bun venit \u00een Asia \u2013 descoperit\u0103 prin ochii mei de c\u0103l\u0103tor pasionat! Aici g\u0103se\u0219ti un spa\u021biu \u00een care \u00eemp\u0103rt\u0103\u0219esc aventurile, descoperirile culturale \u0219i momentele memorabile din fascinantul continent asiatic. De la templele lini\u0219tite din Bali p\u00e2n\u0103 la m\u00e2ncarea super gustoas\u0103 din Sri Lanka \u0219i emo\u021biile de a p\u0103\u0219i pentru prima dat\u0103 \u00een Coreea de Sud,&#8230;<\/p>","protected":false},"author":1,"featured_media":2482,"parent":0,"menu_order":0,"comment_status":"closed","ping_status":"closed","template":"","meta":{"_uag_custom_page_level_css":"","_monsterinsights_skip_tracking":false,"_monsterinsights_sitenote_active":false,"_monsterinsights_sitenote_note":"","_monsterinsights_sitenote_category":0,"_kadence_starter_templates_imported_post":false,"_kad_post_transparent":"","_kad_post_title":"","_kad_post_layout":"","_kad_post_sidebar_id":"","_kad_post_content_style":"","_kad_post_vertical_padding":"","_kad_post_feature":"","_kad_post_feature_position":"","_kad_post_header":false,"_kad_post_footer":false,"_kad_post_classname":"","footnotes":""},"class_list":["post-2382","page","type-page","status-publish","has-post-thumbnail","hentry"],"yoast_head":"<!-- This site is optimized with the Yoast SEO plugin v27.4 - https:\/\/yoast.com\/product\/yoast-seo-wordpress\/ -->\n<title>Asia - Travel Tales with Ioana<\/title>\n<meta name=\"description\" content=\"Descoper\u0103 Asia prin ochii unui c\u0103l\u0103tor pasionat: pove\u0219ti autentice, destina\u021bii de vis, sfaturi utile \u0219i experien\u021be memorabile.\" \/>\n<meta name=\"robots\" content=\"index, follow, max-snippet:-1, max-image-preview:large, max-video-preview:-1\" \/>\n<link rel=\"canonical\" href=\"https:\/\/traveltaleswithioana.com\/en\/asia\/\" \/>\n<meta property=\"og:locale\" content=\"en_US\" \/>\n<meta property=\"og:type\" content=\"article\" \/>\n<meta property=\"og:title\" content=\"Asia - Travel Tales with Ioana\" \/>\n<meta property=\"og:description\" content=\"Descoper\u0103 Asia prin ochii unui c\u0103l\u0103tor pasionat: pove\u0219ti autentice, destina\u021bii de vis, sfaturi utile \u0219i experien\u021be memorabile.\" \/>\n<meta property=\"og:url\" content=\"https:\/\/traveltaleswithioana.com\/en\/asia\/\" \/>\n<meta property=\"og:site_name\" content=\"Travel Tales with Ioana\" \/>\n<meta property=\"article:modified_time\" content=\"2025-07-23T17:31:14+00:00\" \/>\n<meta property=\"og:image\" content=\"https:\/\/traveltaleswithioana.com\/wp-content\/uploads\/2025\/07\/ASIA.webp\" \/>\n\t<meta property=\"og:image:width\" content=\"2245\" \/>\n\t<meta property=\"og:image:height\" content=\"1587\" \/>\n\t<meta property=\"og:image:type\" content=\"image\/webp\" \/>\n<meta name=\"twitter:card\" content=\"summary_large_image\" \/>\n<meta name=\"twitter:label1\" content=\"Est. reading time\" \/>\n\t<meta name=\"twitter:data1\" content=\"1 minute\" \/>\n<script type=\"application\/ld+json\" class=\"yoast-schema-graph\">{\"@context\":\"https:\\\/\\\/schema.org\",\"@graph\":[{\"@type\":\"WebPage\",\"@id\":\"https:\\\/\\\/traveltaleswithioana.com\\\/asia\\\/\",\"url\":\"https:\\\/\\\/traveltaleswithioana.com\\\/asia\\\/\",\"name\":\"Asia - Travel Tales with Ioana\",\"isPartOf\":{\"@id\":\"https:\\\/\\\/traveltaleswithioana.com\\\/#website\"},\"primaryImageOfPage\":{\"@id\":\"https:\\\/\\\/traveltaleswithioana.com\\\/asia\\\/#primaryimage\"},\"image\":{\"@id\":\"https:\\\/\\\/traveltaleswithioana.com\\\/asia\\\/#primaryimage\"},\"thumbnailUrl\":\"https:\\\/\\\/traveltaleswithioana.com\\\/wp-content\\\/uploads\\\/2025\\\/07\\\/ASIA.webp\",\"datePublished\":\"2025-07-18T14:35:39+00:00\",\"dateModified\":\"2025-07-23T17:31:14+00:00\",\"description\":\"Descoper\u0103 Asia prin ochii unui c\u0103l\u0103tor pasionat: pove\u0219ti autentice, destina\u021bii de vis, sfaturi utile \u0219i experien\u021be memorabile.\",\"breadcrumb\":{\"@id\":\"https:\\\/\\\/traveltaleswithioana.com\\\/asia\\\/#breadcrumb\"},\"inLanguage\":\"en-US\",\"potentialAction\":[{\"@type\":\"ReadAction\",\"target\":[\"https:\\\/\\\/traveltaleswithioana.com\\\/asia\\\/\"]}]},{\"@type\":\"ImageObject\",\"inLanguage\":\"en-US\",\"@id\":\"https:\\\/\\\/traveltaleswithioana.com\\\/asia\\\/#primaryimage\",\"url\":\"https:\\\/\\\/traveltaleswithioana.com\\\/wp-content\\\/uploads\\\/2025\\\/07\\\/ASIA.webp\",\"contentUrl\":\"https:\\\/\\\/traveltaleswithioana.com\\\/wp-content\\\/uploads\\\/2025\\\/07\\\/ASIA.webp\",\"width\":2245,\"height\":1587},{\"@type\":\"BreadcrumbList\",\"@id\":\"https:\\\/\\\/traveltaleswithioana.com\\\/asia\\\/#breadcrumb\",\"itemListElement\":[{\"@type\":\"ListItem\",\"position\":1,\"name\":\"Home\",\"item\":\"https:\\\/\\\/traveltaleswithioana.com\\\/\"},{\"@type\":\"ListItem\",\"position\":2,\"name\":\"Asia\"}]},{\"@type\":\"WebSite\",\"@id\":\"https:\\\/\\\/traveltaleswithioana.com\\\/#website\",\"url\":\"https:\\\/\\\/traveltaleswithioana.com\\\/\",\"name\":\"Travel Tales with Ioana\",\"description\":\"\",\"publisher\":{\"@id\":\"https:\\\/\\\/traveltaleswithioana.com\\\/#organization\"},\"potentialAction\":[{\"@type\":\"SearchAction\",\"target\":{\"@type\":\"EntryPoint\",\"urlTemplate\":\"https:\\\/\\\/traveltaleswithioana.com\\\/?s={search_term_string}\"},\"query-input\":{\"@type\":\"PropertyValueSpecification\",\"valueRequired\":true,\"valueName\":\"search_term_string\"}}],\"inLanguage\":\"en-US\"},{\"@type\":\"Organization\",\"@id\":\"https:\\\/\\\/traveltaleswithioana.com\\\/#organization\",\"name\":\"Travel Tales with Ioana\",\"url\":\"https:\\\/\\\/traveltaleswithioana.com\\\/\",\"logo\":{\"@type\":\"ImageObject\",\"inLanguage\":\"en-US\",\"@id\":\"https:\\\/\\\/traveltaleswithioana.com\\\/#\\\/schema\\\/logo\\\/image\\\/\",\"url\":\"https:\\\/\\\/traveltaleswithioana.com\\\/wp-content\\\/uploads\\\/2024\\\/11\\\/logo_mai_bun-removebg-preview.png\",\"contentUrl\":\"https:\\\/\\\/traveltaleswithioana.com\\\/wp-content\\\/uploads\\\/2024\\\/11\\\/logo_mai_bun-removebg-preview.png\",\"width\":500,\"height\":100,\"caption\":\"Travel Tales with Ioana\"},\"image\":{\"@id\":\"https:\\\/\\\/traveltaleswithioana.com\\\/#\\\/schema\\\/logo\\\/image\\\/\"}}]}<\/script>\n<!-- \/ Yoast SEO plugin. -->","yoast_head_json":{"title":"Asia - Travel Tales with Ioana","description":"Descoper\u0103 Asia prin ochii unui c\u0103l\u0103tor pasionat: pove\u0219ti autentice, destina\u021bii de vis, sfaturi utile \u0219i experien\u021be memorabile.","robots":{"index":"index","follow":"follow","max-snippet":"max-snippet:-1","max-image-preview":"max-image-preview:large","max-video-preview":"max-video-preview:-1"},"canonical":"https:\/\/traveltaleswithioana.com\/en\/asia\/","og_locale":"en_US","og_type":"article","og_title":"Asia - Travel Tales with Ioana","og_description":"Descoper\u0103 Asia prin ochii unui c\u0103l\u0103tor pasionat: pove\u0219ti autentice, destina\u021bii de vis, sfaturi utile \u0219i experien\u021be memorabile.","og_url":"https:\/\/traveltaleswithioana.com\/en\/asia\/","og_site_name":"Travel Tales with Ioana","article_modified_time":"2025-07-23T17:31:14+00:00","og_image":[{"width":2245,"height":1587,"url":"https:\/\/traveltaleswithioana.com\/wp-content\/uploads\/2025\/07\/ASIA.webp","type":"image\/webp"}],"twitter_card":"summary_large_image","twitter_misc":{"Est. reading time":"1 minute"},"schema":{"@context":"https:\/\/schema.org","@graph":[{"@type":"WebPage","@id":"https:\/\/traveltaleswithioana.com\/asia\/","url":"https:\/\/traveltaleswithioana.com\/asia\/","name":"Asia - Travel Tales with Ioana","isPartOf":{"@id":"https:\/\/traveltaleswithioana.com\/#website"},"primaryImageOfPage":{"@id":"https:\/\/traveltaleswithioana.com\/asia\/#primaryimage"},"image":{"@id":"https:\/\/traveltaleswithioana.com\/asia\/#primaryimage"},"thumbnailUrl":"https:\/\/traveltaleswithioana.com\/wp-content\/uploads\/2025\/07\/ASIA.webp","datePublished":"2025-07-18T14:35:39+00:00","dateModified":"2025-07-23T17:31:14+00:00","description":"Descoper\u0103 Asia prin ochii unui c\u0103l\u0103tor pasionat: pove\u0219ti autentice, destina\u021bii de vis, sfaturi utile \u0219i experien\u021be memorabile.","breadcrumb":{"@id":"https:\/\/traveltaleswithioana.com\/asia\/#breadcrumb"},"inLanguage":"en-US","potentialAction":[{"@type":"ReadAction","target":["https:\/\/traveltaleswithioana.com\/asia\/"]}]},{"@type":"ImageObject","inLanguage":"en-US","@id":"https:\/\/traveltaleswithioana.com\/asia\/#primaryimage","url":"https:\/\/traveltaleswithioana.com\/wp-content\/uploads\/2025\/07\/ASIA.webp","contentUrl":"https:\/\/traveltaleswithioana.com\/wp-content\/uploads\/2025\/07\/ASIA.webp","width":2245,"height":1587},{"@type":"BreadcrumbList","@id":"https:\/\/traveltaleswithioana.com\/asia\/#breadcrumb","itemListElement":[{"@type":"ListItem","position":1,"name":"Home","item":"https:\/\/traveltaleswithioana.com\/"},{"@type":"ListItem","position":2,"name":"Asia"}]},{"@type":"WebSite","@id":"https:\/\/traveltaleswithioana.com\/#website","url":"https:\/\/traveltaleswithioana.com\/","name":"Travel Tales with Ioana","description":"","publisher":{"@id":"https:\/\/traveltaleswithioana.com\/#organization"},"potentialAction":[{"@type":"SearchAction","target":{"@type":"EntryPoint","urlTemplate":"https:\/\/traveltaleswithioana.com\/?s={search_term_string}"},"query-input":{"@type":"PropertyValueSpecification","valueRequired":true,"valueName":"search_term_string"}}],"inLanguage":"en-US"},{"@type":"Organization","@id":"https:\/\/traveltaleswithioana.com\/#organization","name":"Travel Tales with Ioana","url":"https:\/\/traveltaleswithioana.com\/","logo":{"@type":"ImageObject","inLanguage":"en-US","@id":"https:\/\/traveltaleswithioana.com\/#\/schema\/logo\/image\/","url":"https:\/\/traveltaleswithioana.com\/wp-content\/uploads\/2024\/11\/logo_mai_bun-removebg-preview.png","contentUrl":"https:\/\/traveltaleswithioana.com\/wp-content\/uploads\/2024\/11\/logo_mai_bun-removebg-preview.png","width":500,"height":100,"caption":"Travel Tales with Ioana"},"image":{"@id":"https:\/\/traveltaleswithioana.com\/#\/schema\/logo\/image\/"}}]}},"uagb_featured_image_src":{"full":["https:\/\/traveltaleswithioana.com\/wp-content\/uploads\/2025\/07\/ASIA.webp",2245,1587,false],"thumbnail":["https:\/\/traveltaleswithioana.com\/wp-content\/uploads\/2025\/07\/ASIA-150x150.webp",150,150,true],"medium":["https:\/\/traveltaleswithioana.com\/wp-content\/uploads\/2025\/07\/ASIA-300x212.webp",300,212,true],"medium_large":["https:\/\/traveltaleswithioana.com\/wp-content\/uploads\/2025\/07\/ASIA-768x543.webp",768,543,true],"large":["https:\/\/traveltaleswithioana.com\/wp-content\/uploads\/2025\/07\/ASIA-1024x724.webp",1024,724,true],"1536x1536":["https:\/\/traveltaleswithioana.com\/wp-content\/uploads\/2025\/07\/ASIA-1536x1086.webp",1536,1086,true],"2048x2048":["https:\/\/traveltaleswithioana.com\/wp-content\/uploads\/2025\/07\/ASIA-2048x1448.webp",2048,1448,true],"trp-custom-language-flag":["https:\/\/traveltaleswithioana.com\/wp-content\/uploads\/2025\/07\/ASIA-18x12.webp",18,12,true]},"uagb_author_info":{"display_name":"ioana.ferdoschi","author_link":"https:\/\/traveltaleswithioana.com\/en\/author\/ioana-ferdoschi\/"},"uagb_comment_info":0,"uagb_excerpt":"Bun venit \u00een Asia \u2013 descoperit\u0103 prin ochii mei de c\u0103l\u0103tor pasionat! Aici g\u0103se\u0219ti un spa\u021biu \u00een care \u00eemp\u0103rt\u0103\u0219esc aventurile, descoperirile culturale \u0219i momentele memorabile din fascinantul continent asiatic. De la templele lini\u0219tite din Bali p\u00e2n\u0103 la m\u00e2ncarea super gustoas\u0103 din Sri Lanka \u0219i emo\u021biile de a p\u0103\u0219i pentru prima dat\u0103 \u00een Coreea de Sud,...","_links":{"self":[{"href":"https:\/\/traveltaleswithioana.com\/en\/wp-json\/wp\/v2\/pages\/2382","targetHints":{"allow":["GET"]}}],"collection":[{"href":"https:\/\/traveltaleswithioana.com\/en\/wp-json\/wp\/v2\/pages"}],"about":[{"href":"https:\/\/traveltaleswithioana.com\/en\/wp-json\/wp\/v2\/types\/page"}],"author":[{"embeddable":true,"href":"https:\/\/traveltaleswithioana.com\/en\/wp-json\/wp\/v2\/users\/1"}],"replies":[{"embeddable":true,"href":"https:\/\/traveltaleswithioana.com\/en\/wp-json\/wp\/v2\/comments?post=2382"}],"version-history":[{"count":11,"href":"https:\/\/traveltaleswithioana.com\/en\/wp-json\/wp\/v2\/pages\/2382\/revisions"}],"predecessor-version":[{"id":2443,"href":"https:\/\/traveltaleswithioana.com\/en\/wp-json\/wp\/v2\/pages\/2382\/revisions\/2443"}],"wp:featuredmedia":[{"embeddable":true,"href":"https:\/\/traveltaleswithioana.com\/en\/wp-json\/wp\/v2\/media\/2482"}],"wp:attachment":[{"href":"https:\/\/traveltaleswithioana.com\/en\/wp-json\/wp\/v2\/media?parent=2382"}],"curies":[{"name":"wp","href":"https:\/\/api.w.org\/{rel}","templated":true}]}}